{"id":237179,"date":"2024-12-23T12:00:31","date_gmt":"2024-12-23T11:00:31","guid":{"rendered":"https:\/\/functionalhometraining.com\/?page_id=237179"},"modified":"2024-12-23T12:15:16","modified_gmt":"2024-12-23T11:15:16","slug":"fitness-fonctionnel","status":"publish","type":"page","link":"https:\/\/functionalhometraining.com\/fr\/fitness-fonctionnel\/","title":{"rendered":"Fitness fonctionnel"},"content":{"rendered":"\t\t<div data-elementor-type=\"wp-page\" data-elementor-id=\"237179\" class=\"elementor elementor-237179 elementor-237145\" data-elementor-post-type=\"page\">\n\t\t\t\t\t\t<section data-particle_enable=\"false\" data-particle-mobile-disabled=\"false\" class=\"elementor-section elementor-top-section elementor-element elementor-element-0bb42f7 elementor-section-stretched elementor-section-boxed elementor-section-height-default elementor-section-height-default\" data-id=\"0bb42f7\" data-element_type=\"section\" data-e-type=\"section\" data-settings=\"{&quot;stretch_section&quot;:&quot;section-stretched&quot;,&quot;background_background&quot;:&quot;classic&quot;}\">\n\t\t\t\t\t\t<div class=\"elementor-container elementor-column-gap-default\">\n\t\t\t\t\t<div class=\"elementor-column elementor-col-100 elementor-top-column elementor-element elementor-element-df27b5c\" data-id=\"df27b5c\" data-element_type=\"column\" data-e-type=\"column\" data-settings=\"{&quot;background_background&quot;:&quot;classic&quot;}\">\n\t\t\t<div class=\"elementor-widget-wrap elementor-element-populated\">\n\t\t\t\t\t\t<div class=\"elementor-element elementor-element-07699ba elementor-widget elementor-widget-heading\" data-id=\"07699ba\" data-element_type=\"widget\" data-e-type=\"widget\" data-widget_type=\"heading.default\">\n\t\t\t\t<div class=\"elementor-widget-container\">\n\t\t\t\t\t<h2 class=\"elementor-heading-title elementor-size-default\">Fitness fonctionnel<\/h2>\t\t\t\t<\/div>\n\t\t\t\t<\/div>\n\t\t\t\t<div class=\"elementor-element elementor-element-7616c75 elementor-widget elementor-widget-text-editor\" data-id=\"7616c75\" data-element_type=\"widget\" data-e-type=\"widget\" data-widget_type=\"text-editor.default\">\n\t\t\t\t<div class=\"elementor-widget-container\">\n\t\t\t\t\t<div class=\"bb-theme-elementor-wrap bb-elementor-custom-color bb-elementor-custom-size bb-elementor-custom-line-height\">\t\t\t\t<p>Le fitness fonctionnel est une approche compl\u00e8tement diff\u00e9rente du fitness classique avec des machines que tu trouves dans une salle de fitness classique. Ces machines te permettent g\u00e9n\u00e9ralement d\u2019effectuer des mouvements unilat\u00e9raux. Avec le fitness fonctionnel, tu laisses plusieurs groupes musculaires travailler ensemble, tout comme tu les utilises dans la vie quotidienne comme soulever, porter, lancer, se tenir debout, marcher, etc.<\/p><p>Tu utiliseras principalement ton propre poids de corps et des poids libres tels que des halt\u00e8res, des kettlebells ou des poids faits maison. L\u2019entra\u00eenement avec des poids libres a l\u2019avantage de travailler ta force g\u00e9n\u00e9rale, ton endurance, ta coordination, ta posture, ton \u00e9quilibre et ta souplesse. En particulier, le fait que tu effectueras la plupart des exercices debout et que tu devras toujours rechercher un \u00e9quilibre solide, offre de nombreux avantages. Tu dois toujours tendre tes muscles abdominaux et dorsaux afin qu\u2019en plus des autres muscles, tu travailleras toujours sur un torse solide. Cela donne une plus grande stabilit\u00e9 et une r\u00e9duction de tout mal de dos. Tu ne pourras jamais \u00e9galer cet effet avec un \u00e9quipement de fitness statique.<\/p><p>Tu es mieux pr\u00e9par\u00e9 pour tes t\u00e2ches quotidiennes telles que jardiner, soulever ton enfant du si\u00e8ge auto, transporter tes courses, jouer avec les enfants, peindre un plafond et toutes sortes d\u2019autres t\u00e2ches qui demandaient beaucoup d\u2019efforts et provoquent des douleurs musculaires. L\u2019objectif du fitness fonctionnel est de d\u00e9velopper tes muscles pour mener une vie active et \u00e9nergique sans aucun probl\u00e8me.<\/p><p>Pour de nombreuses personnes, les avantages seront \u00e9galement visibles au travail. L\u2019infirmier pourra soulever plus facilement un patient, un jardinier souffrira moins de douleurs aux \u00e9paules ou au dos, le technicien pourra se d\u00e9placer plus facilement pour remplacer une pi\u00e8ce d\u2019une machine, le pompier pourra porter le bless\u00e9 plus facilement, etc.<\/p><p>M\u00eame pour les personnes exer\u00e7ant une profession s\u00e9dentaire, les effets seront rapidement perceptibles. Tu deviendras plus souple dans le bassin, raffermiras tes muscles dorsaux et abdominaux, de sorte que tu souffriras moins de douleurs lombaires.<\/p><p>Le fitness fonctionnel contribue \u00e9galement \u00e0 am\u00e9liorer tes performances sportives g\u00e9n\u00e9rales. Ton endurance et ton explosivit\u00e9 s\u2019am\u00e9lioreront, ce qui te permettra d\u2019\u00eatre encore plus performant et de r\u00e9cup\u00e9rer plus rapidement. Le risque de blessures sera moindre de cette fa\u00e7on.<\/p><p>Tu as besoin de peu de mat\u00e9riel ou d\u2019espace. Tu peux t\u2019entra\u00eener o\u00f9 tu veux, \u00e0 la maison, \u00e0 la plage ou au parc sans avoir \u00e0 te rendre \u00e0 la salle de sport. Quand tu veux, o\u00f9 tu veux et aussi longtemps que tu veux. Fantastique n\u2019est-ce pas\u00a0<img decoding=\"async\" class=\"emoji\" role=\"img\" draggable=\"false\" src=\"https:\/\/s.w.org\/images\/core\/emoji\/14.0.0\/svg\/1f642.svg\" alt=\"\ud83d\ude42\" \/><\/p><p>Combine le fitness fonctionnel avec une alimentation saine et des habitudes saines et ton corps conna\u00eetra une v\u00e9ritable transformation. Tu seras plus mince, plus en forme et plus \u00e9nergique. Tes coll\u00e8gues, amis et famille le remarqueront tr\u00e8s vite, crois-moi.<\/p><h2>D\u00e9couvre \u00e9galement nos autres programmes<\/h2>\t\t\t\t<\/div>\t\t\t\t<\/div>\n\t\t\t\t<\/div>\n\t\t\t\t\t<\/div>\n\t\t<\/div>\n\t\t\t\t\t<\/div>\n\t\t<\/section>\n\t\t\t\t<section data-particle_enable=\"false\" data-particle-mobile-disabled=\"false\" class=\"elementor-section elementor-top-section elementor-element elementor-element-1098827 elementor-section-boxed elementor-section-height-default elementor-section-height-default\" data-id=\"1098827\" data-element_type=\"section\" data-e-type=\"section\" data-settings=\"{&quot;background_background&quot;:&quot;classic&quot;}\">\n\t\t\t\t\t\t<div class=\"elementor-container elementor-column-gap-default\">\n\t\t\t\t\t<div class=\"elementor-column elementor-col-33 elementor-top-column elementor-element elementor-element-9f537f7\" data-id=\"9f537f7\" data-element_type=\"column\" data-e-type=\"column\">\n\t\t\t<div class=\"elementor-widget-wrap elementor-element-populated\">\n\t\t\t\t\t\t<div class=\"elementor-element elementor-element-3813d76 elementor-widget elementor-widget-eael-interactive-promo\" data-id=\"3813d76\" data-element_type=\"widget\" data-e-type=\"widget\" data-widget_type=\"eael-interactive-promo.default\">\n\t\t\t\t<div class=\"elementor-widget-container\">\n\t\t\t\t\t\t\t<div id=\"eael-promo-3813d76\" class=\"eael-interactive-promo\">\n\t\t\t<figure class=\"effect-sadie\">\n\t\t\t\t<img decoding=\"async\" alt=\"\" src=\"https:\/\/functionalhometraining.com\/wp-content\/uploads\/2022\/02\/Gewoontes.jpg\">\t\t\t\t<figcaption>\n\t\t\t\t\t<div>\n\t\t\t\t\t\t\t\t\t\t\t\t\t<h2>habitudes saines<\/h2>\n\t\t\t\t\t\t\n\t\t\t\t\t\t<p><p>En savoir plus sur les habitudes saines<\/p><\/p>\n\t\t\t\t\t<\/div>\n\t\t\t\t\t                        <a aria-label=\"habitudes saines\" href=\"#\"><\/a>\n\t\t\t\t\t\t\t\t\t<\/figcaption>\n\t\t\t<\/figure>\n\t\t<\/div>\n\t\t\t\t\t\t<\/div>\n\t\t\t\t<\/div>\n\t\t\t\t\t<\/div>\n\t\t<\/div>\n\t\t\t\t<div class=\"elementor-column elementor-col-33 elementor-top-column elementor-element elementor-element-a174340\" data-id=\"a174340\" data-element_type=\"column\" data-e-type=\"column\">\n\t\t\t<div class=\"elementor-widget-wrap elementor-element-populated\">\n\t\t\t\t\t\t<div class=\"elementor-element elementor-element-2764b57 elementor-widget elementor-widget-eael-interactive-promo\" data-id=\"2764b57\" data-element_type=\"widget\" data-e-type=\"widget\" data-widget_type=\"eael-interactive-promo.default\">\n\t\t\t\t<div class=\"elementor-widget-container\">\n\t\t\t\t\t\t\t<div id=\"eael-promo-2764b57\" class=\"eael-interactive-promo\">\n\t\t\t<figure class=\"effect-sadie\">\n\t\t\t\t<img decoding=\"async\" alt=\"\" src=\"https:\/\/functionalhometraining.com\/wp-content\/uploads\/2022\/02\/Voeding-1.jpg\">\t\t\t\t<figcaption>\n\t\t\t\t\t<div>\n\t\t\t\t\t\t\t\t\t\t\t\t\t<h2>nutrition saine<\/h2>\n\t\t\t\t\t\t\n\t\t\t\t\t\t<p><p>En savoir plus sur l'alimentation saine<\/p><\/p>\n\t\t\t\t\t<\/div>\n\t\t\t\t\t                        <a aria-label=\"nutrition saine\" href=\"#\"><\/a>\n\t\t\t\t\t\t\t\t\t<\/figcaption>\n\t\t\t<\/figure>\n\t\t<\/div>\n\t\t\t\t\t\t<\/div>\n\t\t\t\t<\/div>\n\t\t\t\t\t<\/div>\n\t\t<\/div>\n\t\t\t\t<div class=\"elementor-column elementor-col-33 elementor-top-column elementor-element elementor-element-4c5bdd9\" data-id=\"4c5bdd9\" data-element_type=\"column\" data-e-type=\"column\">\n\t\t\t<div class=\"elementor-widget-wrap elementor-element-populated\">\n\t\t\t\t\t\t<div class=\"elementor-element elementor-element-35e1fab elementor-widget elementor-widget-eael-interactive-promo\" data-id=\"35e1fab\" data-element_type=\"widget\" data-e-type=\"widget\" data-widget_type=\"eael-interactive-promo.default\">\n\t\t\t\t<div class=\"elementor-widget-container\">\n\t\t\t\t\t\t\t<div id=\"eael-promo-35e1fab\" class=\"eael-interactive-promo\">\n\t\t\t<figure class=\"effect-sadie\">\n\t\t\t\t<img decoding=\"async\" alt=\"\" src=\"https:\/\/functionalhometraining.com\/wp-content\/uploads\/2022\/12\/ontspanningstechnieken.jpg\">\t\t\t\t<figcaption>\n\t\t\t\t\t<div>\n\t\t\t\t\t\t\t\t\t\t\t\t\t<h2>Techniques de relaxation<\/h2>\n\t\t\t\t\t\t\n\t\t\t\t\t\t<p><p>La relaxation \u00e7a s'apprend<\/p><\/p>\n\t\t\t\t\t<\/div>\n\t\t\t\t\t                        <a aria-label=\"Techniques de relaxation\" href=\"#\"><\/a>\n\t\t\t\t\t\t\t\t\t<\/figcaption>\n\t\t\t<\/figure>\n\t\t<\/div>\n\t\t\t\t\t\t<\/div>\n\t\t\t\t<\/div>\n\t\t\t\t\t<\/div>\n\t\t<\/div>\n\t\t\t\t\t<\/div>\n\t\t<\/section>\n\t\t\t\t<\/div>\n\t\t","protected":false},"excerpt":{"rendered":"<p>Fitness fonctionnel Le fitness fonctionnel est une approche compl\u00e8tement diff\u00e9rente du fitness classique avec des machines que tu trouves dans une salle de fitness classique.&hellip;<\/p>\n","protected":false},"author":2,"featured_media":0,"parent":0,"menu_order":0,"comment_status":"closed","ping_status":"closed","template":"elementor_header_footer","meta":{"_eb_attr":"","wprm-recipe-roundup-name":"","wprm-recipe-roundup-description":"","_monsterinsights_skip_tracking":false,"_monsterinsights_sitenote_active":false,"_monsterinsights_sitenote_note":"","_monsterinsights_sitenote_category":0,"cybocfi_hide_featured_image":"","footnotes":""},"categories":[],"tags":[],"class_list":["post-237179","page","type-page","status-publish","hentry"],"yoast_head":"<!-- This site is optimized with the Yoast SEO plugin v27.5 - https:\/\/yoast.com\/product\/yoast-seo-wordpress\/ -->\n<title>Fitness fonctionnel - Functional Home Training<\/title>\n<meta name=\"robots\" content=\"index, follow, max-snippet:-1, max-image-preview:large, max-video-preview:-1\" \/>\n<link rel=\"canonical\" href=\"https:\/\/functionalhometraining.com\/fr\/fitness-fonctionnel\/\" \/>\n<meta property=\"og:locale\" content=\"fr_FR\" \/>\n<meta property=\"og:type\" content=\"article\" \/>\n<meta property=\"og:title\" content=\"Fitness fonctionnel - Functional Home Training\" \/>\n<meta property=\"og:description\" content=\"Fitness fonctionnel Le fitness fonctionnel est une approche compl\u00e8tement diff\u00e9rente du fitness classique avec des machines que tu trouves dans une salle de fitness classique.&hellip;\" \/>\n<meta property=\"og:url\" content=\"https:\/\/functionalhometraining.com\/fr\/fitness-fonctionnel\/\" \/>\n<meta property=\"og:site_name\" content=\"Functional Home Training\" \/>\n<meta property=\"article:modified_time\" content=\"2024-12-23T11:15:16+00:00\" \/>\n<meta property=\"og:image\" content=\"https:\/\/s.w.org\/images\/core\/emoji\/14.0.0\/svg\/1f642.svg\" \/>\n<meta name=\"twitter:card\" content=\"summary_large_image\" \/>\n<meta name=\"twitter:label1\" content=\"Dur\u00e9e de lecture estim\u00e9e\" \/>\n\t<meta name=\"twitter:data1\" content=\"4 minutes\" \/>\n<script type=\"application\/ld+json\" class=\"yoast-schema-graph\">{\"@context\":\"https:\\\/\\\/schema.org\",\"@graph\":[{\"@type\":\"WebPage\",\"@id\":\"https:\\\/\\\/functionalhometraining.com\\\/fr\\\/fitness-fonctionnel\\\/\",\"url\":\"https:\\\/\\\/functionalhometraining.com\\\/fr\\\/fitness-fonctionnel\\\/\",\"name\":\"Fitness fonctionnel - Functional Home Training\",\"isPartOf\":{\"@id\":\"https:\\\/\\\/functionalhometraining.com\\\/fr\\\/#website\"},\"primaryImageOfPage\":{\"@id\":\"https:\\\/\\\/functionalhometraining.com\\\/fr\\\/fitness-fonctionnel\\\/#primaryimage\"},\"image\":{\"@id\":\"https:\\\/\\\/functionalhometraining.com\\\/fr\\\/fitness-fonctionnel\\\/#primaryimage\"},\"thumbnailUrl\":\"https:\\\/\\\/s.w.org\\\/images\\\/core\\\/emoji\\\/14.0.0\\\/svg\\\/1f642.svg\",\"datePublished\":\"2024-12-23T11:00:31+00:00\",\"dateModified\":\"2024-12-23T11:15:16+00:00\",\"breadcrumb\":{\"@id\":\"https:\\\/\\\/functionalhometraining.com\\\/fr\\\/fitness-fonctionnel\\\/#breadcrumb\"},\"inLanguage\":\"fr-FR\",\"potentialAction\":[{\"@type\":\"ReadAction\",\"target\":[\"https:\\\/\\\/functionalhometraining.com\\\/fr\\\/fitness-fonctionnel\\\/\"]}]},{\"@type\":\"ImageObject\",\"inLanguage\":\"fr-FR\",\"@id\":\"https:\\\/\\\/functionalhometraining.com\\\/fr\\\/fitness-fonctionnel\\\/#primaryimage\",\"url\":\"https:\\\/\\\/s.w.org\\\/images\\\/core\\\/emoji\\\/14.0.0\\\/svg\\\/1f642.svg\",\"contentUrl\":\"https:\\\/\\\/s.w.org\\\/images\\\/core\\\/emoji\\\/14.0.0\\\/svg\\\/1f642.svg\"},{\"@type\":\"BreadcrumbList\",\"@id\":\"https:\\\/\\\/functionalhometraining.com\\\/fr\\\/fitness-fonctionnel\\\/#breadcrumb\",\"itemListElement\":[{\"@type\":\"ListItem\",\"position\":1,\"name\":\"Home\",\"item\":\"https:\\\/\\\/functionalhometraining.com\\\/fr\\\/\"},{\"@type\":\"ListItem\",\"position\":2,\"name\":\"Fitness fonctionnel\"}]},{\"@type\":\"WebSite\",\"@id\":\"https:\\\/\\\/functionalhometraining.com\\\/fr\\\/#website\",\"url\":\"https:\\\/\\\/functionalhometraining.com\\\/fr\\\/\",\"name\":\"Functional Home Training\",\"description\":\"A Lifestyle full of Energy\",\"publisher\":{\"@id\":\"https:\\\/\\\/functionalhometraining.com\\\/fr\\\/#organization\"},\"potentialAction\":[{\"@type\":\"SearchAction\",\"target\":{\"@type\":\"EntryPoint\",\"urlTemplate\":\"https:\\\/\\\/functionalhometraining.com\\\/fr\\\/?s={search_term_string}\"},\"query-input\":{\"@type\":\"PropertyValueSpecification\",\"valueRequired\":true,\"valueName\":\"search_term_string\"}}],\"inLanguage\":\"fr-FR\"},{\"@type\":\"Organization\",\"@id\":\"https:\\\/\\\/functionalhometraining.com\\\/fr\\\/#organization\",\"name\":\"Functional Home Training\",\"url\":\"https:\\\/\\\/functionalhometraining.com\\\/fr\\\/\",\"logo\":{\"@type\":\"ImageObject\",\"inLanguage\":\"fr-FR\",\"@id\":\"https:\\\/\\\/functionalhometraining.com\\\/fr\\\/#\\\/schema\\\/logo\\\/image\\\/\",\"url\":\"https:\\\/\\\/functionalhometraining.com\\\/wp-content\\\/uploads\\\/2020\\\/10\\\/Functional-Home-Training-website-logo-zonder-achtergrond.png\",\"contentUrl\":\"https:\\\/\\\/functionalhometraining.com\\\/wp-content\\\/uploads\\\/2020\\\/10\\\/Functional-Home-Training-website-logo-zonder-achtergrond.png\",\"width\":350,\"height\":100,\"caption\":\"Functional Home Training\"},\"image\":{\"@id\":\"https:\\\/\\\/functionalhometraining.com\\\/fr\\\/#\\\/schema\\\/logo\\\/image\\\/\"}}]}<\/script>\n<!-- \/ Yoast SEO plugin. -->","yoast_head_json":{"title":"Fitness fonctionnel - Functional Home Training","robots":{"index":"index","follow":"follow","max-snippet":"max-snippet:-1","max-image-preview":"max-image-preview:large","max-video-preview":"max-video-preview:-1"},"canonical":"https:\/\/functionalhometraining.com\/fr\/fitness-fonctionnel\/","og_locale":"fr_FR","og_type":"article","og_title":"Fitness fonctionnel - Functional Home Training","og_description":"Fitness fonctionnel Le fitness fonctionnel est une approche compl\u00e8tement diff\u00e9rente du fitness classique avec des machines que tu trouves dans une salle de fitness classique.&hellip;","og_url":"https:\/\/functionalhometraining.com\/fr\/fitness-fonctionnel\/","og_site_name":"Functional Home Training","article_modified_time":"2024-12-23T11:15:16+00:00","og_image":[{"url":"https:\/\/s.w.org\/images\/core\/emoji\/14.0.0\/svg\/1f642.svg","type":"","width":"","height":""}],"twitter_card":"summary_large_image","twitter_misc":{"Dur\u00e9e de lecture estim\u00e9e":"4 minutes"},"schema":{"@context":"https:\/\/schema.org","@graph":[{"@type":"WebPage","@id":"https:\/\/functionalhometraining.com\/fr\/fitness-fonctionnel\/","url":"https:\/\/functionalhometraining.com\/fr\/fitness-fonctionnel\/","name":"Fitness fonctionnel - Functional Home Training","isPartOf":{"@id":"https:\/\/functionalhometraining.com\/fr\/#website"},"primaryImageOfPage":{"@id":"https:\/\/functionalhometraining.com\/fr\/fitness-fonctionnel\/#primaryimage"},"image":{"@id":"https:\/\/functionalhometraining.com\/fr\/fitness-fonctionnel\/#primaryimage"},"thumbnailUrl":"https:\/\/s.w.org\/images\/core\/emoji\/14.0.0\/svg\/1f642.svg","datePublished":"2024-12-23T11:00:31+00:00","dateModified":"2024-12-23T11:15:16+00:00","breadcrumb":{"@id":"https:\/\/functionalhometraining.com\/fr\/fitness-fonctionnel\/#breadcrumb"},"inLanguage":"fr-FR","potentialAction":[{"@type":"ReadAction","target":["https:\/\/functionalhometraining.com\/fr\/fitness-fonctionnel\/"]}]},{"@type":"ImageObject","inLanguage":"fr-FR","@id":"https:\/\/functionalhometraining.com\/fr\/fitness-fonctionnel\/#primaryimage","url":"https:\/\/s.w.org\/images\/core\/emoji\/14.0.0\/svg\/1f642.svg","contentUrl":"https:\/\/s.w.org\/images\/core\/emoji\/14.0.0\/svg\/1f642.svg"},{"@type":"BreadcrumbList","@id":"https:\/\/functionalhometraining.com\/fr\/fitness-fonctionnel\/#breadcrumb","itemListElement":[{"@type":"ListItem","position":1,"name":"Home","item":"https:\/\/functionalhometraining.com\/fr\/"},{"@type":"ListItem","position":2,"name":"Fitness fonctionnel"}]},{"@type":"WebSite","@id":"https:\/\/functionalhometraining.com\/fr\/#website","url":"https:\/\/functionalhometraining.com\/fr\/","name":"Functional Home Training","description":"A Lifestyle full of Energy","publisher":{"@id":"https:\/\/functionalhometraining.com\/fr\/#organization"},"potentialAction":[{"@type":"SearchAction","target":{"@type":"EntryPoint","urlTemplate":"https:\/\/functionalhometraining.com\/fr\/?s={search_term_string}"},"query-input":{"@type":"PropertyValueSpecification","valueRequired":true,"valueName":"search_term_string"}}],"inLanguage":"fr-FR"},{"@type":"Organization","@id":"https:\/\/functionalhometraining.com\/fr\/#organization","name":"Functional Home Training","url":"https:\/\/functionalhometraining.com\/fr\/","logo":{"@type":"ImageObject","inLanguage":"fr-FR","@id":"https:\/\/functionalhometraining.com\/fr\/#\/schema\/logo\/image\/","url":"https:\/\/functionalhometraining.com\/wp-content\/uploads\/2020\/10\/Functional-Home-Training-website-logo-zonder-achtergrond.png","contentUrl":"https:\/\/functionalhometraining.com\/wp-content\/uploads\/2020\/10\/Functional-Home-Training-website-logo-zonder-achtergrond.png","width":350,"height":100,"caption":"Functional Home Training"},"image":{"@id":"https:\/\/functionalhometraining.com\/fr\/#\/schema\/logo\/image\/"}}]}},"_links":{"self":[{"href":"https:\/\/functionalhometraining.com\/fr\/wp-json\/wp\/v2\/pages\/237179","targetHints":{"allow":["GET"]}}],"collection":[{"href":"https:\/\/functionalhometraining.com\/fr\/wp-json\/wp\/v2\/pages"}],"about":[{"href":"https:\/\/functionalhometraining.com\/fr\/wp-json\/wp\/v2\/types\/page"}],"author":[{"embeddable":true,"href":"https:\/\/functionalhometraining.com\/fr\/wp-json\/wp\/v2\/users\/2"}],"replies":[{"embeddable":true,"href":"https:\/\/functionalhometraining.com\/fr\/wp-json\/wp\/v2\/comments?post=237179"}],"version-history":[{"count":0,"href":"https:\/\/functionalhometraining.com\/fr\/wp-json\/wp\/v2\/pages\/237179\/revisions"}],"wp:attachment":[{"href":"https:\/\/functionalhometraining.com\/fr\/wp-json\/wp\/v2\/media?parent=237179"}],"wp:term":[{"taxonomy":"category","embeddable":true,"href":"https:\/\/functionalhometraining.com\/fr\/wp-json\/wp\/v2\/categories?post=237179"},{"taxonomy":"post_tag","embeddable":true,"href":"https:\/\/functionalhometraining.com\/fr\/wp-json\/wp\/v2\/tags?post=237179"}],"curies":[{"name":"wp","href":"https:\/\/api.w.org\/{rel}","templated":true}]}}