{"id":47907,"date":"2023-06-10T07:49:28","date_gmt":"2023-06-10T06:49:28","guid":{"rendered":"https:\/\/functionalhometraining.com\/werner\/"},"modified":"2024-12-23T10:05:34","modified_gmt":"2024-12-23T09:05:34","slug":"werner","status":"publish","type":"page","link":"https:\/\/functionalhometraining.com\/fr\/werner\/","title":{"rendered":"Werner"},"content":{"rendered":"\t\t<div data-elementor-type=\"wp-page\" data-elementor-id=\"47907\" class=\"elementor elementor-47907 elementor-47846\" data-elementor-post-type=\"page\">\n\t\t\t\t\t\t<section data-particle_enable=\"false\" data-particle-mobile-disabled=\"false\" class=\"elementor-section elementor-top-section elementor-element elementor-element-517a8bb elementor-section-stretched elementor-section-boxed elementor-section-height-default elementor-section-height-default\" data-id=\"517a8bb\" data-element_type=\"section\" data-e-type=\"section\" data-settings=\"{&quot;stretch_section&quot;:&quot;section-stretched&quot;,&quot;background_background&quot;:&quot;classic&quot;}\">\n\t\t\t\t\t\t<div class=\"elementor-container elementor-column-gap-default\">\n\t\t\t\t\t<div class=\"elementor-column elementor-col-100 elementor-top-column elementor-element elementor-element-833d7d6\" data-id=\"833d7d6\" data-element_type=\"column\" data-e-type=\"column\" data-settings=\"{&quot;background_background&quot;:&quot;classic&quot;}\">\n\t\t\t<div class=\"elementor-widget-wrap elementor-element-populated\">\n\t\t\t\t\t\t<section data-particle_enable=\"false\" data-particle-mobile-disabled=\"false\" class=\"elementor-section elementor-inner-section elementor-element elementor-element-0ebe67b elementor-section-boxed elementor-section-height-default elementor-section-height-default\" data-id=\"0ebe67b\" data-element_type=\"section\" data-e-type=\"section\" data-settings=\"{&quot;background_background&quot;:&quot;classic&quot;}\">\n\t\t\t\t\t\t<div class=\"elementor-container elementor-column-gap-default\">\n\t\t\t\t\t<div class=\"elementor-column elementor-col-50 elementor-inner-column elementor-element elementor-element-6d3cafc\" data-id=\"6d3cafc\" data-element_type=\"column\" data-e-type=\"column\" data-settings=\"{&quot;background_background&quot;:&quot;classic&quot;}\">\n\t\t\t<div class=\"elementor-widget-wrap elementor-element-populated\">\n\t\t\t\t\t\t<div class=\"elementor-element elementor-element-c2ae0f4 elementor-widget elementor-widget-heading\" data-id=\"c2ae0f4\" data-element_type=\"widget\" data-e-type=\"widget\" data-widget_type=\"heading.default\">\n\t\t\t\t<div class=\"elementor-widget-container\">\n\t\t\t\t\t<h3 class=\"elementor-heading-title elementor-size-default\">Werner<\/h3>\t\t\t\t<\/div>\n\t\t\t\t<\/div>\n\t\t\t\t<div class=\"elementor-element elementor-element-27bc6d1 elementor-widget elementor-widget-image\" data-id=\"27bc6d1\" data-element_type=\"widget\" data-e-type=\"widget\" data-widget_type=\"image.default\">\n\t\t\t\t<div class=\"elementor-widget-container\">\n\t\t\t\t\t\t\t\t\t\t\t\t\t\t\t<img fetchpriority=\"high\" decoding=\"async\" width=\"348\" height=\"348\" src=\"https:\/\/functionalhometraining.com\/wp-content\/uploads\/2024\/12\/Werner-Destrijcker.webp\" class=\"attachment-full size-full wp-image-237062\" alt=\"\" srcset=\"https:\/\/functionalhometraining.com\/wp-content\/uploads\/2024\/12\/Werner-Destrijcker.webp 348w, https:\/\/functionalhometraining.com\/wp-content\/uploads\/2024\/12\/Werner-Destrijcker-50x50.jpg 50w, https:\/\/functionalhometraining.com\/wp-content\/uploads\/2024\/12\/Werner-Destrijcker-100x100.jpg 100w\" sizes=\"(max-width: 348px) 100vw, 348px\" \/>\t\t\t\t\t\t\t\t\t\t\t\t\t\t\t<\/div>\n\t\t\t\t<\/div>\n\t\t\t\t\t<\/div>\n\t\t<\/div>\n\t\t\t\t<div class=\"elementor-column elementor-col-50 elementor-inner-column elementor-element elementor-element-4435c54\" data-id=\"4435c54\" data-element_type=\"column\" data-e-type=\"column\" data-settings=\"{&quot;background_background&quot;:&quot;classic&quot;}\">\n\t\t\t<div class=\"elementor-widget-wrap elementor-element-populated\">\n\t\t\t\t\t\t<div class=\"elementor-element elementor-element-f322cf2 elementor-widget elementor-widget-text-editor\" data-id=\"f322cf2\" data-element_type=\"widget\" data-e-type=\"widget\" data-widget_type=\"text-editor.default\">\n\t\t\t\t<div class=\"elementor-widget-container\">\n\t\t\t\t\t<div class=\"bb-theme-elementor-wrap bb-elementor-custom-color bb-elementor-custom-size bb-elementor-custom-line-height\">\t\t\t\t<p>Le sport et l&rsquo;aventure font partie int\u00e9grante de ma vie. Je pratique le judo depuis 20 ans et en ce moment je pratique encore r\u00e9guli\u00e8rement le ski nautique, le ski alpin, l&rsquo;escalade sportive, l&rsquo;alpinisme et occasionnellement des courses de survie.<\/p><p>Ces derni\u00e8res ann\u00e9es, je me suis davantage int\u00e9ress\u00e9 au d\u00e9veloppement physique et apr\u00e8s avoir \u00e9t\u00e9 membre d&rsquo;un club de fitness pendant 3 ans, j&rsquo;ai d\u00e9couvert le CrossFit\u00ae. J&rsquo;ai rapidement d\u00e9couvert ses bienfaits et ses r\u00e9sultats spectaculaires, c&rsquo;est pourquoi j&rsquo;ai d\u00e9cid\u00e9 de devenir Entraineur CrossFit\u00ae.<\/p><p>Je prends beaucoup de plaisir \u00e0 aider les autres \u00e0 \u00e9voluer et j&rsquo;aime les voir atteindre leurs objectifs et repousser les limites. Je ressens ce plaisir dans nos salles de fitness et \u00e0 travers notre communaut\u00e9 en ligne de Functional Home Training. Lire les belles histoires et t\u00e9moignages me procure un grand plaisir.<\/p>\t\t\t\t<\/div>\t\t\t\t<\/div>\n\t\t\t\t<\/div>\n\t\t\t\t\t<\/div>\n\t\t<\/div>\n\t\t\t\t\t<\/div>\n\t\t<\/section>\n\t\t\t\t<div class=\"elementor-element elementor-element-bb01be1 elementor-widget elementor-widget-text-editor\" data-id=\"bb01be1\" data-element_type=\"widget\" data-e-type=\"widget\" data-widget_type=\"text-editor.default\">\n\t\t\t\t<div class=\"elementor-widget-container\">\n\t\t\t\t\t<div class=\"bb-theme-elementor-wrap bb-elementor-custom-color bb-elementor-custom-size bb-elementor-custom-line-height\">\t\t\t\t<h2>Exp\u00e9rience<\/h2><ul><li>Formation selon la M\u00e9thodologie CrossFit\u00ae depuis 2010.<\/li><li>CrossFit\u00ae Level 1 Trainer.<\/li><li>CrossFit\u00ae Level 2 Trainer.<\/li><li>CrossFit\u00ae Judge.<\/li><li>Propri\u00e9taire d&rsquo;un affili\u00e9 CrossFit\u00ae depuis 2011.<\/li><li>12 ans d&rsquo;exp\u00e9rience en coaching de groupe.<\/li><li>Atelier CrossFit\u00ae Mobilit\u00e9.<\/li><li>Atelier Kettlebell.<\/li><li>Atelier Halt\u00e9rophilie avec Tom Goegebur.<\/li><\/ul>\t\t\t\t<\/div>\t\t\t\t<\/div>\n\t\t\t\t<\/div>\n\t\t\t\t\t<\/div>\n\t\t<\/div>\n\t\t\t\t\t<\/div>\n\t\t<\/section>\n\t\t\t\t<\/div>\n\t\t","protected":false},"excerpt":{"rendered":"<p>Werner Le sport et l&rsquo;aventure font partie int\u00e9grante de ma vie. Je pratique le judo depuis 20 ans et en ce moment je pratique encore&hellip;<\/p>\n","protected":false},"author":2,"featured_media":0,"parent":0,"menu_order":0,"comment_status":"closed","ping_status":"closed","template":"elementor_header_footer","meta":{"_eb_attr":"","wprm-recipe-roundup-name":"","wprm-recipe-roundup-description":"","_monsterinsights_skip_tracking":false,"_monsterinsights_sitenote_active":false,"_monsterinsights_sitenote_note":"","_monsterinsights_sitenote_category":0,"cybocfi_hide_featured_image":"","footnotes":""},"categories":[],"tags":[],"class_list":["post-47907","page","type-page","status-publish","hentry"],"yoast_head":"<!-- This site is optimized with the Yoast SEO plugin v27.4 - https:\/\/yoast.com\/product\/yoast-seo-wordpress\/ -->\n<title>Werner - Functional Home Training<\/title>\n<meta name=\"description\" content=\"Werner est coach et co-fondateur de Functional Home Training. Il aimerait partager avec toi sa passion du sport et de l&#039;aventure.\" \/>\n<meta name=\"robots\" content=\"index, follow, max-snippet:-1, max-image-preview:large, max-video-preview:-1\" \/>\n<link rel=\"canonical\" href=\"https:\/\/functionalhometraining.com\/fr\/werner\/\" \/>\n<meta property=\"og:locale\" content=\"fr_FR\" \/>\n<meta property=\"og:type\" content=\"article\" \/>\n<meta property=\"og:title\" content=\"Werner - Functional Home Training\" \/>\n<meta property=\"og:description\" content=\"Werner est coach et co-fondateur de Functional Home Training. Il aimerait partager avec toi sa passion du sport et de l&#039;aventure.\" \/>\n<meta property=\"og:url\" content=\"https:\/\/functionalhometraining.com\/fr\/werner\/\" \/>\n<meta property=\"og:site_name\" content=\"Functional Home Training\" \/>\n<meta property=\"article:modified_time\" content=\"2024-12-23T09:05:34+00:00\" \/>\n<meta property=\"og:image\" content=\"https:\/\/functionalhometraining.com\/wp-content\/uploads\/2024\/12\/Werner-Destrijcker.webp\" \/>\n\t<meta property=\"og:image:width\" content=\"348\" \/>\n\t<meta property=\"og:image:height\" content=\"348\" \/>\n\t<meta property=\"og:image:type\" content=\"image\/webp\" \/>\n<meta name=\"twitter:card\" content=\"summary_large_image\" \/>\n<meta name=\"twitter:label1\" content=\"Dur\u00e9e de lecture estim\u00e9e\" \/>\n\t<meta name=\"twitter:data1\" content=\"2 minutes\" \/>\n<script type=\"application\/ld+json\" class=\"yoast-schema-graph\">{\"@context\":\"https:\\\/\\\/schema.org\",\"@graph\":[{\"@type\":\"WebPage\",\"@id\":\"https:\\\/\\\/functionalhometraining.com\\\/fr\\\/werner\\\/\",\"url\":\"https:\\\/\\\/functionalhometraining.com\\\/fr\\\/werner\\\/\",\"name\":\"Werner - Functional Home Training\",\"isPartOf\":{\"@id\":\"https:\\\/\\\/functionalhometraining.com\\\/fr\\\/#website\"},\"primaryImageOfPage\":{\"@id\":\"https:\\\/\\\/functionalhometraining.com\\\/fr\\\/werner\\\/#primaryimage\"},\"image\":{\"@id\":\"https:\\\/\\\/functionalhometraining.com\\\/fr\\\/werner\\\/#primaryimage\"},\"thumbnailUrl\":\"https:\\\/\\\/functionalhometraining.com\\\/wp-content\\\/uploads\\\/2024\\\/12\\\/Werner-Destrijcker.webp\",\"datePublished\":\"2023-06-10T06:49:28+00:00\",\"dateModified\":\"2024-12-23T09:05:34+00:00\",\"description\":\"Werner est coach et co-fondateur de Functional Home Training. Il aimerait partager avec toi sa passion du sport et de l'aventure.\",\"breadcrumb\":{\"@id\":\"https:\\\/\\\/functionalhometraining.com\\\/fr\\\/werner\\\/#breadcrumb\"},\"inLanguage\":\"fr-FR\",\"potentialAction\":[{\"@type\":\"ReadAction\",\"target\":[\"https:\\\/\\\/functionalhometraining.com\\\/fr\\\/werner\\\/\"]}]},{\"@type\":\"ImageObject\",\"inLanguage\":\"fr-FR\",\"@id\":\"https:\\\/\\\/functionalhometraining.com\\\/fr\\\/werner\\\/#primaryimage\",\"url\":\"https:\\\/\\\/functionalhometraining.com\\\/wp-content\\\/uploads\\\/2024\\\/12\\\/Werner-Destrijcker.webp\",\"contentUrl\":\"https:\\\/\\\/functionalhometraining.com\\\/wp-content\\\/uploads\\\/2024\\\/12\\\/Werner-Destrijcker.webp\"},{\"@type\":\"BreadcrumbList\",\"@id\":\"https:\\\/\\\/functionalhometraining.com\\\/fr\\\/werner\\\/#breadcrumb\",\"itemListElement\":[{\"@type\":\"ListItem\",\"position\":1,\"name\":\"Home\",\"item\":\"https:\\\/\\\/functionalhometraining.com\\\/fr\\\/\"},{\"@type\":\"ListItem\",\"position\":2,\"name\":\"Werner\"}]},{\"@type\":\"WebSite\",\"@id\":\"https:\\\/\\\/functionalhometraining.com\\\/fr\\\/#website\",\"url\":\"https:\\\/\\\/functionalhometraining.com\\\/fr\\\/\",\"name\":\"Functional Home Training\",\"description\":\"A Lifestyle full of Energy\",\"publisher\":{\"@id\":\"https:\\\/\\\/functionalhometraining.com\\\/fr\\\/#organization\"},\"potentialAction\":[{\"@type\":\"SearchAction\",\"target\":{\"@type\":\"EntryPoint\",\"urlTemplate\":\"https:\\\/\\\/functionalhometraining.com\\\/fr\\\/?s={search_term_string}\"},\"query-input\":{\"@type\":\"PropertyValueSpecification\",\"valueRequired\":true,\"valueName\":\"search_term_string\"}}],\"inLanguage\":\"fr-FR\"},{\"@type\":\"Organization\",\"@id\":\"https:\\\/\\\/functionalhometraining.com\\\/fr\\\/#organization\",\"name\":\"Functional Home Training\",\"url\":\"https:\\\/\\\/functionalhometraining.com\\\/fr\\\/\",\"logo\":{\"@type\":\"ImageObject\",\"inLanguage\":\"fr-FR\",\"@id\":\"https:\\\/\\\/functionalhometraining.com\\\/fr\\\/#\\\/schema\\\/logo\\\/image\\\/\",\"url\":\"https:\\\/\\\/functionalhometraining.com\\\/wp-content\\\/uploads\\\/2020\\\/10\\\/Functional-Home-Training-website-logo-zonder-achtergrond.png\",\"contentUrl\":\"https:\\\/\\\/functionalhometraining.com\\\/wp-content\\\/uploads\\\/2020\\\/10\\\/Functional-Home-Training-website-logo-zonder-achtergrond.png\",\"width\":350,\"height\":100,\"caption\":\"Functional Home Training\"},\"image\":{\"@id\":\"https:\\\/\\\/functionalhometraining.com\\\/fr\\\/#\\\/schema\\\/logo\\\/image\\\/\"}}]}<\/script>\n<!-- \/ Yoast SEO plugin. -->","yoast_head_json":{"title":"Werner - Functional Home Training","description":"Werner est coach et co-fondateur de Functional Home Training. Il aimerait partager avec toi sa passion du sport et de l'aventure.","robots":{"index":"index","follow":"follow","max-snippet":"max-snippet:-1","max-image-preview":"max-image-preview:large","max-video-preview":"max-video-preview:-1"},"canonical":"https:\/\/functionalhometraining.com\/fr\/werner\/","og_locale":"fr_FR","og_type":"article","og_title":"Werner - Functional Home Training","og_description":"Werner est coach et co-fondateur de Functional Home Training. Il aimerait partager avec toi sa passion du sport et de l'aventure.","og_url":"https:\/\/functionalhometraining.com\/fr\/werner\/","og_site_name":"Functional Home Training","article_modified_time":"2024-12-23T09:05:34+00:00","og_image":[{"width":348,"height":348,"url":"https:\/\/functionalhometraining.com\/wp-content\/uploads\/2024\/12\/Werner-Destrijcker.webp","type":"image\/webp"}],"twitter_card":"summary_large_image","twitter_misc":{"Dur\u00e9e de lecture estim\u00e9e":"2 minutes"},"schema":{"@context":"https:\/\/schema.org","@graph":[{"@type":"WebPage","@id":"https:\/\/functionalhometraining.com\/fr\/werner\/","url":"https:\/\/functionalhometraining.com\/fr\/werner\/","name":"Werner - Functional Home Training","isPartOf":{"@id":"https:\/\/functionalhometraining.com\/fr\/#website"},"primaryImageOfPage":{"@id":"https:\/\/functionalhometraining.com\/fr\/werner\/#primaryimage"},"image":{"@id":"https:\/\/functionalhometraining.com\/fr\/werner\/#primaryimage"},"thumbnailUrl":"https:\/\/functionalhometraining.com\/wp-content\/uploads\/2024\/12\/Werner-Destrijcker.webp","datePublished":"2023-06-10T06:49:28+00:00","dateModified":"2024-12-23T09:05:34+00:00","description":"Werner est coach et co-fondateur de Functional Home Training. Il aimerait partager avec toi sa passion du sport et de l'aventure.","breadcrumb":{"@id":"https:\/\/functionalhometraining.com\/fr\/werner\/#breadcrumb"},"inLanguage":"fr-FR","potentialAction":[{"@type":"ReadAction","target":["https:\/\/functionalhometraining.com\/fr\/werner\/"]}]},{"@type":"ImageObject","inLanguage":"fr-FR","@id":"https:\/\/functionalhometraining.com\/fr\/werner\/#primaryimage","url":"https:\/\/functionalhometraining.com\/wp-content\/uploads\/2024\/12\/Werner-Destrijcker.webp","contentUrl":"https:\/\/functionalhometraining.com\/wp-content\/uploads\/2024\/12\/Werner-Destrijcker.webp"},{"@type":"BreadcrumbList","@id":"https:\/\/functionalhometraining.com\/fr\/werner\/#breadcrumb","itemListElement":[{"@type":"ListItem","position":1,"name":"Home","item":"https:\/\/functionalhometraining.com\/fr\/"},{"@type":"ListItem","position":2,"name":"Werner"}]},{"@type":"WebSite","@id":"https:\/\/functionalhometraining.com\/fr\/#website","url":"https:\/\/functionalhometraining.com\/fr\/","name":"Functional Home Training","description":"A Lifestyle full of Energy","publisher":{"@id":"https:\/\/functionalhometraining.com\/fr\/#organization"},"potentialAction":[{"@type":"SearchAction","target":{"@type":"EntryPoint","urlTemplate":"https:\/\/functionalhometraining.com\/fr\/?s={search_term_string}"},"query-input":{"@type":"PropertyValueSpecification","valueRequired":true,"valueName":"search_term_string"}}],"inLanguage":"fr-FR"},{"@type":"Organization","@id":"https:\/\/functionalhometraining.com\/fr\/#organization","name":"Functional Home Training","url":"https:\/\/functionalhometraining.com\/fr\/","logo":{"@type":"ImageObject","inLanguage":"fr-FR","@id":"https:\/\/functionalhometraining.com\/fr\/#\/schema\/logo\/image\/","url":"https:\/\/functionalhometraining.com\/wp-content\/uploads\/2020\/10\/Functional-Home-Training-website-logo-zonder-achtergrond.png","contentUrl":"https:\/\/functionalhometraining.com\/wp-content\/uploads\/2020\/10\/Functional-Home-Training-website-logo-zonder-achtergrond.png","width":350,"height":100,"caption":"Functional Home Training"},"image":{"@id":"https:\/\/functionalhometraining.com\/fr\/#\/schema\/logo\/image\/"}}]}},"_links":{"self":[{"href":"https:\/\/functionalhometraining.com\/fr\/wp-json\/wp\/v2\/pages\/47907","targetHints":{"allow":["GET"]}}],"collection":[{"href":"https:\/\/functionalhometraining.com\/fr\/wp-json\/wp\/v2\/pages"}],"about":[{"href":"https:\/\/functionalhometraining.com\/fr\/wp-json\/wp\/v2\/types\/page"}],"author":[{"embeddable":true,"href":"https:\/\/functionalhometraining.com\/fr\/wp-json\/wp\/v2\/users\/2"}],"replies":[{"embeddable":true,"href":"https:\/\/functionalhometraining.com\/fr\/wp-json\/wp\/v2\/comments?post=47907"}],"version-history":[{"count":0,"href":"https:\/\/functionalhometraining.com\/fr\/wp-json\/wp\/v2\/pages\/47907\/revisions"}],"wp:attachment":[{"href":"https:\/\/functionalhometraining.com\/fr\/wp-json\/wp\/v2\/media?parent=47907"}],"wp:term":[{"taxonomy":"category","embeddable":true,"href":"https:\/\/functionalhometraining.com\/fr\/wp-json\/wp\/v2\/categories?post=47907"},{"taxonomy":"post_tag","embeddable":true,"href":"https:\/\/functionalhometraining.com\/fr\/wp-json\/wp\/v2\/tags?post=47907"}],"curies":[{"name":"wp","href":"https:\/\/api.w.org\/{rel}","templated":true}]}}