{"id":47932,"date":"2023-06-10T09:18:26","date_gmt":"2023-06-10T08:18:26","guid":{"rendered":"https:\/\/functionalhometraining.com\/carine\/"},"modified":"2024-12-23T10:11:09","modified_gmt":"2024-12-23T09:11:09","slug":"carine","status":"publish","type":"page","link":"https:\/\/functionalhometraining.com\/fr\/carine\/","title":{"rendered":"Carine"},"content":{"rendered":"\t\t<div data-elementor-type=\"wp-page\" data-elementor-id=\"47932\" class=\"elementor elementor-47932 elementor-47926\" data-elementor-post-type=\"page\">\n\t\t\t\t\t\t<section data-particle_enable=\"false\" data-particle-mobile-disabled=\"false\" class=\"elementor-section elementor-top-section elementor-element elementor-element-ca8acfc elementor-section-stretched elementor-section-boxed elementor-section-height-default elementor-section-height-default\" data-id=\"ca8acfc\" data-element_type=\"section\" data-e-type=\"section\" data-settings=\"{&quot;stretch_section&quot;:&quot;section-stretched&quot;,&quot;background_background&quot;:&quot;classic&quot;}\">\n\t\t\t\t\t\t<div class=\"elementor-container elementor-column-gap-default\">\n\t\t\t\t\t<div class=\"elementor-column elementor-col-100 elementor-top-column elementor-element elementor-element-7c64f2c\" data-id=\"7c64f2c\" data-element_type=\"column\" data-e-type=\"column\" data-settings=\"{&quot;background_background&quot;:&quot;classic&quot;}\">\n\t\t\t<div class=\"elementor-widget-wrap elementor-element-populated\">\n\t\t\t\t\t\t<section data-particle_enable=\"false\" data-particle-mobile-disabled=\"false\" class=\"elementor-section elementor-inner-section elementor-element elementor-element-20f53f2 elementor-section-boxed elementor-section-height-default elementor-section-height-default\" data-id=\"20f53f2\" data-element_type=\"section\" data-e-type=\"section\" data-settings=\"{&quot;background_background&quot;:&quot;classic&quot;}\">\n\t\t\t\t\t\t<div class=\"elementor-container elementor-column-gap-default\">\n\t\t\t\t\t<div class=\"elementor-column elementor-col-50 elementor-inner-column elementor-element elementor-element-125c309\" data-id=\"125c309\" data-element_type=\"column\" data-e-type=\"column\" data-settings=\"{&quot;background_background&quot;:&quot;classic&quot;}\">\n\t\t\t<div class=\"elementor-widget-wrap elementor-element-populated\">\n\t\t\t\t\t\t<div class=\"elementor-element elementor-element-40fc22e elementor-widget elementor-widget-heading\" data-id=\"40fc22e\" data-element_type=\"widget\" data-e-type=\"widget\" data-widget_type=\"heading.default\">\n\t\t\t\t<div class=\"elementor-widget-container\">\n\t\t\t\t\t<h3 class=\"elementor-heading-title elementor-size-default\">Carine<\/h3>\t\t\t\t<\/div>\n\t\t\t\t<\/div>\n\t\t\t\t<div class=\"elementor-element elementor-element-5d94561 elementor-widget elementor-widget-image\" data-id=\"5d94561\" data-element_type=\"widget\" data-e-type=\"widget\" data-widget_type=\"image.default\">\n\t\t\t\t<div class=\"elementor-widget-container\">\n\t\t\t\t\t\t\t\t\t\t\t\t\t\t\t<img fetchpriority=\"high\" decoding=\"async\" width=\"348\" height=\"347\" src=\"https:\/\/functionalhometraining.com\/wp-content\/uploads\/2024\/07\/Carine-Sermon.jpg\" class=\"attachment-full size-full wp-image-103051\" alt=\"\" srcset=\"https:\/\/functionalhometraining.com\/wp-content\/uploads\/2024\/07\/Carine-Sermon.jpg 348w, https:\/\/functionalhometraining.com\/wp-content\/uploads\/2024\/07\/Carine-Sermon-50x50.jpg 50w, https:\/\/functionalhometraining.com\/wp-content\/uploads\/2024\/07\/Carine-Sermon-100x100.jpg 100w\" sizes=\"(max-width: 348px) 100vw, 348px\" \/>\t\t\t\t\t\t\t\t\t\t\t\t\t\t\t<\/div>\n\t\t\t\t<\/div>\n\t\t\t\t\t<\/div>\n\t\t<\/div>\n\t\t\t\t<div class=\"elementor-column elementor-col-50 elementor-inner-column elementor-element elementor-element-f222bfd\" data-id=\"f222bfd\" data-element_type=\"column\" data-e-type=\"column\" data-settings=\"{&quot;background_background&quot;:&quot;classic&quot;}\">\n\t\t\t<div class=\"elementor-widget-wrap elementor-element-populated\">\n\t\t\t\t\t\t<div class=\"elementor-element elementor-element-f4ad48b elementor-widget elementor-widget-text-editor\" data-id=\"f4ad48b\" data-element_type=\"widget\" data-e-type=\"widget\" data-widget_type=\"text-editor.default\">\n\t\t\t\t<div class=\"elementor-widget-container\">\n\t\t\t\t\t<div class=\"bb-theme-elementor-wrap bb-elementor-custom-color bb-elementor-custom-size bb-elementor-custom-line-height\">\t\t\t\t<p>Gymnastique, judo, escalade, ski alpin, courses de survie et ski nautique. Le sport a toujours fait partie de ma vie et a \u00e9t\u00e9 le moteur pour atteindre un certain objectif (comme atteindre le sommet du Mont-Blanc) ou pour se sentir bien dans sa peau.<\/p><p>En 2010, j&rsquo;ai d\u00e9couvert le CrossFit\u00ae et j&rsquo;ai imm\u00e9diatement d\u00e9couvert que cette m\u00e9thodologie pouvait grandement am\u00e9liorer ma condition physique. En tant que professeur, j&rsquo;ai rapidement eu l&rsquo;ambition d&rsquo;enseigner ce sport \u00e0 d&rsquo;autres. Je suis tr\u00e8s fi\u00e8re d&rsquo;\u00eatre la premi\u00e8re femme CrossFit Level 1 Trainer et CrossFit Level 2 Trainer en Belgique et d&rsquo;avoir \u00e9t\u00e9 nomm\u00e9e la plus sportive de Belgique dans ma cat\u00e9gorie en 2015 par CrossFit\u00ae Headquarters. Avec 3 partenaires, nous avons ouvert le premier CrossFit\u00ae Affiliate Gym en Belgique.<\/p><p>De plus, je suis \u00e9galement tr\u00e8s actif dans l&rsquo;accompagnement individuel des personnes en tant que Personal Trainer. Chaque jour, je mets en place des programmes d&rsquo;entra\u00eenement personnalis\u00e9s afin que chacun puisse atteindre ses objectifs sp\u00e9cifiques.<\/p><p>Apr\u00e8s des ann\u00e9es d&rsquo;activit\u00e9 en tant que coach de groupe et entra\u00eeneur personnel, j&rsquo;ai regrett\u00e9 qu&rsquo;il y ait encore tant de personnes que je ne pouvais pas atteindre. J&rsquo;ai donc fond\u00e9 Functional Home Training avec mon mari. Cela compl\u00e8te le tableau. Je donne des cours collectifs, des cours personnalis\u00e9s et des cours en ligne.<\/p>\t\t\t\t<\/div>\t\t\t\t<\/div>\n\t\t\t\t<\/div>\n\t\t\t\t\t<\/div>\n\t\t<\/div>\n\t\t\t\t\t<\/div>\n\t\t<\/section>\n\t\t\t\t<div class=\"elementor-element elementor-element-41bbaa8 elementor-widget elementor-widget-text-editor\" data-id=\"41bbaa8\" data-element_type=\"widget\" data-e-type=\"widget\" data-widget_type=\"text-editor.default\">\n\t\t\t\t<div class=\"elementor-widget-container\">\n\t\t\t\t\t<div class=\"bb-theme-elementor-wrap bb-elementor-custom-color bb-elementor-custom-size bb-elementor-custom-line-height\">\t\t\t\t<h2>Exp\u00e9rience<\/h2><ul><li>Formation selon la M\u00e9thodologie CrossFit\u00ae depuis 2010.<\/li><li>CrossFit\u00ae Level 1 Trainer.<\/li><li>CrossFit\u00ae Level 2 Trainer.<\/li><li>CrossFit\u00ae Judge.<\/li><li>Propri\u00e9taire d&rsquo;un affili\u00e9 CrossFit\u00ae depuis 2011.<\/li><li>12 ans d&rsquo;exp\u00e9rience en coaching de groupe.<\/li><li>Atelier CrossFit\u00ae Mobilit\u00e9.<\/li><li>Atelier Kettlebell.<\/li><li>Atelier Halt\u00e9rophilie avec Tom Goegebur.<\/li><\/ul>\t\t\t\t<\/div>\t\t\t\t<\/div>\n\t\t\t\t<\/div>\n\t\t\t\t\t<\/div>\n\t\t<\/div>\n\t\t\t\t\t<\/div>\n\t\t<\/section>\n\t\t\t\t<\/div>\n\t\t","protected":false},"excerpt":{"rendered":"<p>Carine Gymnastique, judo, escalade, ski alpin, courses de survie et ski nautique. Le sport a toujours fait partie de ma vie et a \u00e9t\u00e9 le&hellip;<\/p>\n","protected":false},"author":2,"featured_media":0,"parent":0,"menu_order":0,"comment_status":"closed","ping_status":"closed","template":"elementor_header_footer","meta":{"_eb_attr":"","wprm-recipe-roundup-name":"","wprm-recipe-roundup-description":"","_monsterinsights_skip_tracking":false,"_monsterinsights_sitenote_active":false,"_monsterinsights_sitenote_note":"","_monsterinsights_sitenote_category":0,"cybocfi_hide_featured_image":"","footnotes":""},"categories":[],"tags":[],"class_list":["post-47932","page","type-page","status-publish","hentry"],"yoast_head":"<!-- This site is optimized with the Yoast SEO plugin v27.6 - https:\/\/yoast.com\/product\/yoast-seo-wordpress\/ -->\n<title>Carine - Functional Home Training<\/title>\n<meta name=\"description\" content=\"Carine est la propri\u00e9taire et fondatrice de Functional Home Training. Apprenez-en davantage sur sa passion pour le sport et l\u2019aventure.\" \/>\n<meta name=\"robots\" content=\"index, follow, max-snippet:-1, max-image-preview:large, max-video-preview:-1\" \/>\n<link rel=\"canonical\" href=\"https:\/\/functionalhometraining.com\/fr\/carine\/\" \/>\n<meta property=\"og:locale\" content=\"fr_FR\" \/>\n<meta property=\"og:type\" content=\"article\" \/>\n<meta property=\"og:title\" content=\"Carine - Functional Home Training\" \/>\n<meta property=\"og:description\" content=\"Carine est la propri\u00e9taire et fondatrice de Functional Home Training. Apprenez-en davantage sur sa passion pour le sport et l\u2019aventure.\" \/>\n<meta property=\"og:url\" content=\"https:\/\/functionalhometraining.com\/fr\/carine\/\" \/>\n<meta property=\"og:site_name\" content=\"Functional Home Training\" \/>\n<meta property=\"article:modified_time\" content=\"2024-12-23T09:11:09+00:00\" \/>\n<meta property=\"og:image\" content=\"https:\/\/functionalhometraining.com\/wp-content\/uploads\/2024\/07\/Carine-Sermon.jpg\" \/>\n\t<meta property=\"og:image:width\" content=\"348\" \/>\n\t<meta property=\"og:image:height\" content=\"347\" \/>\n\t<meta property=\"og:image:type\" content=\"image\/webp\" \/>\n<meta name=\"twitter:card\" content=\"summary_large_image\" \/>\n<meta name=\"twitter:label1\" content=\"Dur\u00e9e de lecture estim\u00e9e\" \/>\n\t<meta name=\"twitter:data1\" content=\"2 minutes\" \/>\n<script type=\"application\/ld+json\" class=\"yoast-schema-graph\">{\"@context\":\"https:\\\/\\\/schema.org\",\"@graph\":[{\"@type\":\"WebPage\",\"@id\":\"https:\\\/\\\/functionalhometraining.com\\\/fr\\\/carine\\\/\",\"url\":\"https:\\\/\\\/functionalhometraining.com\\\/fr\\\/carine\\\/\",\"name\":\"Carine - Functional Home Training\",\"isPartOf\":{\"@id\":\"https:\\\/\\\/functionalhometraining.com\\\/fr\\\/#website\"},\"primaryImageOfPage\":{\"@id\":\"https:\\\/\\\/functionalhometraining.com\\\/fr\\\/carine\\\/#primaryimage\"},\"image\":{\"@id\":\"https:\\\/\\\/functionalhometraining.com\\\/fr\\\/carine\\\/#primaryimage\"},\"thumbnailUrl\":\"https:\\\/\\\/functionalhometraining.com\\\/wp-content\\\/uploads\\\/2024\\\/07\\\/Carine-Sermon.jpg\",\"datePublished\":\"2023-06-10T08:18:26+00:00\",\"dateModified\":\"2024-12-23T09:11:09+00:00\",\"description\":\"Carine est la propri\u00e9taire et fondatrice de Functional Home Training. Apprenez-en davantage sur sa passion pour le sport et l\u2019aventure.\",\"breadcrumb\":{\"@id\":\"https:\\\/\\\/functionalhometraining.com\\\/fr\\\/carine\\\/#breadcrumb\"},\"inLanguage\":\"fr-FR\",\"potentialAction\":[{\"@type\":\"ReadAction\",\"target\":[\"https:\\\/\\\/functionalhometraining.com\\\/fr\\\/carine\\\/\"]}]},{\"@type\":\"ImageObject\",\"inLanguage\":\"fr-FR\",\"@id\":\"https:\\\/\\\/functionalhometraining.com\\\/fr\\\/carine\\\/#primaryimage\",\"url\":\"https:\\\/\\\/functionalhometraining.com\\\/wp-content\\\/uploads\\\/2024\\\/07\\\/Carine-Sermon.jpg\",\"contentUrl\":\"https:\\\/\\\/functionalhometraining.com\\\/wp-content\\\/uploads\\\/2024\\\/07\\\/Carine-Sermon.jpg\"},{\"@type\":\"BreadcrumbList\",\"@id\":\"https:\\\/\\\/functionalhometraining.com\\\/fr\\\/carine\\\/#breadcrumb\",\"itemListElement\":[{\"@type\":\"ListItem\",\"position\":1,\"name\":\"Home\",\"item\":\"https:\\\/\\\/functionalhometraining.com\\\/fr\\\/\"},{\"@type\":\"ListItem\",\"position\":2,\"name\":\"Carine\"}]},{\"@type\":\"WebSite\",\"@id\":\"https:\\\/\\\/functionalhometraining.com\\\/fr\\\/#website\",\"url\":\"https:\\\/\\\/functionalhometraining.com\\\/fr\\\/\",\"name\":\"Functional Home Training\",\"description\":\"A Lifestyle full of Energy\",\"publisher\":{\"@id\":\"https:\\\/\\\/functionalhometraining.com\\\/fr\\\/#organization\"},\"potentialAction\":[{\"@type\":\"SearchAction\",\"target\":{\"@type\":\"EntryPoint\",\"urlTemplate\":\"https:\\\/\\\/functionalhometraining.com\\\/fr\\\/?s={search_term_string}\"},\"query-input\":{\"@type\":\"PropertyValueSpecification\",\"valueRequired\":true,\"valueName\":\"search_term_string\"}}],\"inLanguage\":\"fr-FR\"},{\"@type\":\"Organization\",\"@id\":\"https:\\\/\\\/functionalhometraining.com\\\/fr\\\/#organization\",\"name\":\"Functional Home Training\",\"url\":\"https:\\\/\\\/functionalhometraining.com\\\/fr\\\/\",\"logo\":{\"@type\":\"ImageObject\",\"inLanguage\":\"fr-FR\",\"@id\":\"https:\\\/\\\/functionalhometraining.com\\\/fr\\\/#\\\/schema\\\/logo\\\/image\\\/\",\"url\":\"https:\\\/\\\/functionalhometraining.com\\\/wp-content\\\/uploads\\\/2020\\\/10\\\/Functional-Home-Training-website-logo-zonder-achtergrond.png\",\"contentUrl\":\"https:\\\/\\\/functionalhometraining.com\\\/wp-content\\\/uploads\\\/2020\\\/10\\\/Functional-Home-Training-website-logo-zonder-achtergrond.png\",\"width\":350,\"height\":100,\"caption\":\"Functional Home Training\"},\"image\":{\"@id\":\"https:\\\/\\\/functionalhometraining.com\\\/fr\\\/#\\\/schema\\\/logo\\\/image\\\/\"}}]}<\/script>\n<!-- \/ Yoast SEO plugin. -->","yoast_head_json":{"title":"Carine - Functional Home Training","description":"Carine est la propri\u00e9taire et fondatrice de Functional Home Training. Apprenez-en davantage sur sa passion pour le sport et l\u2019aventure.","robots":{"index":"index","follow":"follow","max-snippet":"max-snippet:-1","max-image-preview":"max-image-preview:large","max-video-preview":"max-video-preview:-1"},"canonical":"https:\/\/functionalhometraining.com\/fr\/carine\/","og_locale":"fr_FR","og_type":"article","og_title":"Carine - Functional Home Training","og_description":"Carine est la propri\u00e9taire et fondatrice de Functional Home Training. Apprenez-en davantage sur sa passion pour le sport et l\u2019aventure.","og_url":"https:\/\/functionalhometraining.com\/fr\/carine\/","og_site_name":"Functional Home Training","article_modified_time":"2024-12-23T09:11:09+00:00","og_image":[{"width":348,"height":347,"url":"https:\/\/functionalhometraining.com\/wp-content\/uploads\/2024\/07\/Carine-Sermon.jpg","type":"image\/webp"}],"twitter_card":"summary_large_image","twitter_misc":{"Dur\u00e9e de lecture estim\u00e9e":"2 minutes"},"schema":{"@context":"https:\/\/schema.org","@graph":[{"@type":"WebPage","@id":"https:\/\/functionalhometraining.com\/fr\/carine\/","url":"https:\/\/functionalhometraining.com\/fr\/carine\/","name":"Carine - Functional Home Training","isPartOf":{"@id":"https:\/\/functionalhometraining.com\/fr\/#website"},"primaryImageOfPage":{"@id":"https:\/\/functionalhometraining.com\/fr\/carine\/#primaryimage"},"image":{"@id":"https:\/\/functionalhometraining.com\/fr\/carine\/#primaryimage"},"thumbnailUrl":"https:\/\/functionalhometraining.com\/wp-content\/uploads\/2024\/07\/Carine-Sermon.jpg","datePublished":"2023-06-10T08:18:26+00:00","dateModified":"2024-12-23T09:11:09+00:00","description":"Carine est la propri\u00e9taire et fondatrice de Functional Home Training. Apprenez-en davantage sur sa passion pour le sport et l\u2019aventure.","breadcrumb":{"@id":"https:\/\/functionalhometraining.com\/fr\/carine\/#breadcrumb"},"inLanguage":"fr-FR","potentialAction":[{"@type":"ReadAction","target":["https:\/\/functionalhometraining.com\/fr\/carine\/"]}]},{"@type":"ImageObject","inLanguage":"fr-FR","@id":"https:\/\/functionalhometraining.com\/fr\/carine\/#primaryimage","url":"https:\/\/functionalhometraining.com\/wp-content\/uploads\/2024\/07\/Carine-Sermon.jpg","contentUrl":"https:\/\/functionalhometraining.com\/wp-content\/uploads\/2024\/07\/Carine-Sermon.jpg"},{"@type":"BreadcrumbList","@id":"https:\/\/functionalhometraining.com\/fr\/carine\/#breadcrumb","itemListElement":[{"@type":"ListItem","position":1,"name":"Home","item":"https:\/\/functionalhometraining.com\/fr\/"},{"@type":"ListItem","position":2,"name":"Carine"}]},{"@type":"WebSite","@id":"https:\/\/functionalhometraining.com\/fr\/#website","url":"https:\/\/functionalhometraining.com\/fr\/","name":"Functional Home Training","description":"A Lifestyle full of Energy","publisher":{"@id":"https:\/\/functionalhometraining.com\/fr\/#organization"},"potentialAction":[{"@type":"SearchAction","target":{"@type":"EntryPoint","urlTemplate":"https:\/\/functionalhometraining.com\/fr\/?s={search_term_string}"},"query-input":{"@type":"PropertyValueSpecification","valueRequired":true,"valueName":"search_term_string"}}],"inLanguage":"fr-FR"},{"@type":"Organization","@id":"https:\/\/functionalhometraining.com\/fr\/#organization","name":"Functional Home Training","url":"https:\/\/functionalhometraining.com\/fr\/","logo":{"@type":"ImageObject","inLanguage":"fr-FR","@id":"https:\/\/functionalhometraining.com\/fr\/#\/schema\/logo\/image\/","url":"https:\/\/functionalhometraining.com\/wp-content\/uploads\/2020\/10\/Functional-Home-Training-website-logo-zonder-achtergrond.png","contentUrl":"https:\/\/functionalhometraining.com\/wp-content\/uploads\/2020\/10\/Functional-Home-Training-website-logo-zonder-achtergrond.png","width":350,"height":100,"caption":"Functional Home Training"},"image":{"@id":"https:\/\/functionalhometraining.com\/fr\/#\/schema\/logo\/image\/"}}]}},"_links":{"self":[{"href":"https:\/\/functionalhometraining.com\/fr\/wp-json\/wp\/v2\/pages\/47932","targetHints":{"allow":["GET"]}}],"collection":[{"href":"https:\/\/functionalhometraining.com\/fr\/wp-json\/wp\/v2\/pages"}],"about":[{"href":"https:\/\/functionalhometraining.com\/fr\/wp-json\/wp\/v2\/types\/page"}],"author":[{"embeddable":true,"href":"https:\/\/functionalhometraining.com\/fr\/wp-json\/wp\/v2\/users\/2"}],"replies":[{"embeddable":true,"href":"https:\/\/functionalhometraining.com\/fr\/wp-json\/wp\/v2\/comments?post=47932"}],"version-history":[{"count":0,"href":"https:\/\/functionalhometraining.com\/fr\/wp-json\/wp\/v2\/pages\/47932\/revisions"}],"wp:attachment":[{"href":"https:\/\/functionalhometraining.com\/fr\/wp-json\/wp\/v2\/media?parent=47932"}],"wp:term":[{"taxonomy":"category","embeddable":true,"href":"https:\/\/functionalhometraining.com\/fr\/wp-json\/wp\/v2\/categories?post=47932"},{"taxonomy":"post_tag","embeddable":true,"href":"https:\/\/functionalhometraining.com\/fr\/wp-json\/wp\/v2\/tags?post=47932"}],"curies":[{"name":"wp","href":"https:\/\/api.w.org\/{rel}","templated":true}]}}