{"id":47953,"date":"2023-06-10T09:46:34","date_gmt":"2023-06-10T08:46:34","guid":{"rendered":"https:\/\/functionalhometraining.com\/emi\/"},"modified":"2024-12-23T10:16:43","modified_gmt":"2024-12-23T09:16:43","slug":"emi","status":"publish","type":"page","link":"https:\/\/functionalhometraining.com\/fr\/emi\/","title":{"rendered":"Emi"},"content":{"rendered":"\t\t<div data-elementor-type=\"wp-page\" data-elementor-id=\"47953\" class=\"elementor elementor-47953 elementor-47944\" data-elementor-post-type=\"page\">\n\t\t\t\t\t\t<section data-particle_enable=\"false\" data-particle-mobile-disabled=\"false\" class=\"elementor-section elementor-top-section elementor-element elementor-element-ec144a7 elementor-section-stretched elementor-section-boxed elementor-section-height-default elementor-section-height-default\" data-id=\"ec144a7\" data-element_type=\"section\" data-e-type=\"section\" data-settings=\"{&quot;stretch_section&quot;:&quot;section-stretched&quot;,&quot;background_background&quot;:&quot;classic&quot;}\">\n\t\t\t\t\t\t<div class=\"elementor-container elementor-column-gap-default\">\n\t\t\t\t\t<div class=\"elementor-column elementor-col-100 elementor-top-column elementor-element elementor-element-39dceb9\" data-id=\"39dceb9\" data-element_type=\"column\" data-e-type=\"column\" data-settings=\"{&quot;background_background&quot;:&quot;classic&quot;}\">\n\t\t\t<div class=\"elementor-widget-wrap elementor-element-populated\">\n\t\t\t\t\t\t<section data-particle_enable=\"false\" data-particle-mobile-disabled=\"false\" class=\"elementor-section elementor-inner-section elementor-element elementor-element-3ec949d elementor-section-boxed elementor-section-height-default elementor-section-height-default\" data-id=\"3ec949d\" data-element_type=\"section\" data-e-type=\"section\" data-settings=\"{&quot;background_background&quot;:&quot;classic&quot;}\">\n\t\t\t\t\t\t<div class=\"elementor-container elementor-column-gap-default\">\n\t\t\t\t\t<div class=\"elementor-column elementor-col-50 elementor-inner-column elementor-element elementor-element-ab5da75\" data-id=\"ab5da75\" data-element_type=\"column\" data-e-type=\"column\" data-settings=\"{&quot;background_background&quot;:&quot;classic&quot;}\">\n\t\t\t<div class=\"elementor-widget-wrap elementor-element-populated\">\n\t\t\t\t\t\t<div class=\"elementor-element elementor-element-33238f4 elementor-widget elementor-widget-heading\" data-id=\"33238f4\" data-element_type=\"widget\" data-e-type=\"widget\" data-widget_type=\"heading.default\">\n\t\t\t\t<div class=\"elementor-widget-container\">\n\t\t\t\t\t<h3 class=\"elementor-heading-title elementor-size-default\">Emi<\/h3>\t\t\t\t<\/div>\n\t\t\t\t<\/div>\n\t\t\t\t<div class=\"elementor-element elementor-element-616e71f elementor-widget elementor-widget-image\" data-id=\"616e71f\" data-element_type=\"widget\" data-e-type=\"widget\" data-widget_type=\"image.default\">\n\t\t\t\t<div class=\"elementor-widget-container\">\n\t\t\t\t\t\t\t\t\t\t\t\t\t\t\t<img fetchpriority=\"high\" decoding=\"async\" width=\"262\" height=\"262\" src=\"https:\/\/functionalhometraining.com\/wp-content\/uploads\/2024\/12\/emi-e1696750582997.webp\" class=\"attachment-full size-full wp-image-237088\" alt=\"\" srcset=\"https:\/\/functionalhometraining.com\/wp-content\/uploads\/2024\/12\/emi-e1696750582997.webp 262w, https:\/\/functionalhometraining.com\/wp-content\/uploads\/2024\/12\/emi-e1696750582997-50x50.webp 50w, https:\/\/functionalhometraining.com\/wp-content\/uploads\/2024\/12\/emi-e1696750582997-100x100.webp 100w\" sizes=\"(max-width: 262px) 100vw, 262px\" \/>\t\t\t\t\t\t\t\t\t\t\t\t\t\t\t<\/div>\n\t\t\t\t<\/div>\n\t\t\t\t\t<\/div>\n\t\t<\/div>\n\t\t\t\t<div class=\"elementor-column elementor-col-50 elementor-inner-column elementor-element elementor-element-c9fa873\" data-id=\"c9fa873\" data-element_type=\"column\" data-e-type=\"column\" data-settings=\"{&quot;background_background&quot;:&quot;classic&quot;}\">\n\t\t\t<div class=\"elementor-widget-wrap elementor-element-populated\">\n\t\t\t\t\t\t<div class=\"elementor-element elementor-element-9826586 elementor-widget elementor-widget-text-editor\" data-id=\"9826586\" data-element_type=\"widget\" data-e-type=\"widget\" data-widget_type=\"text-editor.default\">\n\t\t\t\t<div class=\"elementor-widget-container\">\n\t\t\t\t\t<div class=\"bb-theme-elementor-wrap bb-elementor-custom-color bb-elementor-custom-size bb-elementor-custom-line-height\">\t\t\t\t<p>Je pratique le sport depuis mon plus jeune \u00e2ge. Le sport est ma vie.<\/p><p>Dans ma jeunesse, j&rsquo;ai jou\u00e9 au hockey sur glace pendant des ann\u00e9es. Malheureusement, j&rsquo;ai d\u00fb arr\u00eater cela car la patinoire locale a ferm\u00e9 ses portes et il n&rsquo;y avait pas d&rsquo;alternative imm\u00e9diate.<\/p><p>J&rsquo;ai ensuite d\u00fb chercher un autre d\u00e9fi sportif et je suis actif depuis de nombreuses ann\u00e9es dans le monde de l&rsquo;Art Martial et plus particuli\u00e8rement du Kickboxing et du Crav Maga. J&rsquo;ai suivi de nombreux stages en Belgique et \u00e0 l&rsquo;\u00e9tranger.<\/p><p>Plus tard dans la vie, j\u2019ai commenc\u00e9 \u00e0 me concentrer davantage sur le d\u00e9veloppement physique de mon corps. Je n&rsquo;ai pas eu besoin de chercher longtemps pour trouver \u00ab le sport de fitness par excellence \u00bb et c&rsquo;est le CrossFit\u00ae.<\/p><p>Apr\u00e8s avoir \u00e9t\u00e9 membre actif de CrossFit On The Road pendant plusieurs ann\u00e9es, j&rsquo;ai eu l&rsquo;opportunit\u00e9 de faire partie de l&rsquo;\u00e9quipe de coaching.<\/p><p>J&rsquo;enseigne d\u00e9sormais la m\u00e9thodologie CrossFit\u00ae plusieurs heures chaque semaine. Je souhaite approfondir cette passion et rendre les personnes qui ne peuvent pas rejoindre un club de fitness enthousiastes \u00e0 l&rsquo;id\u00e9e de travailler sur leur condition physique g\u00e9n\u00e9rale.<\/p><p>Je suis tr\u00e8s heureux de transmettre cette passion au plus grand nombre \u00e0 travers le Functional Home Training.<\/p><p>J&rsquo;esp\u00e8re que je pourrai t&rsquo;inspirer aussi \ud83d\ude42<\/p>\t\t\t\t<\/div>\t\t\t\t<\/div>\n\t\t\t\t<\/div>\n\t\t\t\t\t<\/div>\n\t\t<\/div>\n\t\t\t\t\t<\/div>\n\t\t<\/section>\n\t\t\t\t<div class=\"elementor-element elementor-element-e29db16 elementor-widget elementor-widget-text-editor\" data-id=\"e29db16\" data-element_type=\"widget\" data-e-type=\"widget\" data-widget_type=\"text-editor.default\">\n\t\t\t\t<div class=\"elementor-widget-container\">\n\t\t\t\t\t<div class=\"bb-theme-elementor-wrap bb-elementor-custom-color bb-elementor-custom-size bb-elementor-custom-line-height\">\t\t\t\t<h2>Exp\u00e9rience<\/h2><ul><li>Art Martial.<\/li><li>Formation selon la M\u00e9thodologie CrossFit\u00ae depuis 2018.<\/li><\/ul>\t\t\t\t<\/div>\t\t\t\t<\/div>\n\t\t\t\t<\/div>\n\t\t\t\t\t<\/div>\n\t\t<\/div>\n\t\t\t\t\t<\/div>\n\t\t<\/section>\n\t\t\t\t<\/div>\n\t\t","protected":false},"excerpt":{"rendered":"<p>Emi Je pratique le sport depuis mon plus jeune \u00e2ge. Le sport est ma vie. Dans ma jeunesse, j&rsquo;ai jou\u00e9 au hockey sur glace pendant&hellip;<\/p>\n","protected":false},"author":2,"featured_media":0,"parent":0,"menu_order":0,"comment_status":"closed","ping_status":"closed","template":"elementor_header_footer","meta":{"_eb_attr":"","wprm-recipe-roundup-name":"","wprm-recipe-roundup-description":"","_monsterinsights_skip_tracking":false,"_monsterinsights_sitenote_active":false,"_monsterinsights_sitenote_note":"","_monsterinsights_sitenote_category":0,"cybocfi_hide_featured_image":"","footnotes":""},"categories":[],"tags":[],"class_list":["post-47953","page","type-page","status-publish","hentry"],"yoast_head":"<!-- This site is optimized with the Yoast SEO plugin v27.4 - https:\/\/yoast.com\/product\/yoast-seo-wordpress\/ -->\n<title>Emi - Functional Home Training<\/title>\n<meta name=\"robots\" content=\"index, follow, max-snippet:-1, max-image-preview:large, max-video-preview:-1\" \/>\n<link rel=\"canonical\" href=\"https:\/\/functionalhometraining.com\/fr\/emi\/\" \/>\n<meta property=\"og:locale\" content=\"fr_FR\" \/>\n<meta property=\"og:type\" content=\"article\" \/>\n<meta property=\"og:title\" content=\"Emi - Functional Home Training\" \/>\n<meta property=\"og:description\" content=\"Emi Je pratique le sport depuis mon plus jeune \u00e2ge. Le sport est ma vie. Dans ma jeunesse, j&rsquo;ai jou\u00e9 au hockey sur glace pendant&hellip;\" \/>\n<meta property=\"og:url\" content=\"https:\/\/functionalhometraining.com\/fr\/emi\/\" \/>\n<meta property=\"og:site_name\" content=\"Functional Home Training\" \/>\n<meta property=\"article:modified_time\" content=\"2024-12-23T09:16:43+00:00\" \/>\n<meta property=\"og:image\" content=\"https:\/\/functionalhometraining.com\/wp-content\/uploads\/2024\/12\/emi-e1696750582997.webp\" \/>\n\t<meta property=\"og:image:width\" content=\"262\" \/>\n\t<meta property=\"og:image:height\" content=\"262\" \/>\n\t<meta property=\"og:image:type\" content=\"image\/webp\" \/>\n<meta name=\"twitter:card\" content=\"summary_large_image\" \/>\n<meta name=\"twitter:label1\" content=\"Dur\u00e9e de lecture estim\u00e9e\" \/>\n\t<meta name=\"twitter:data1\" content=\"2 minutes\" \/>\n<script type=\"application\/ld+json\" class=\"yoast-schema-graph\">{\"@context\":\"https:\\\/\\\/schema.org\",\"@graph\":[{\"@type\":\"WebPage\",\"@id\":\"https:\\\/\\\/functionalhometraining.com\\\/fr\\\/emi\\\/\",\"url\":\"https:\\\/\\\/functionalhometraining.com\\\/fr\\\/emi\\\/\",\"name\":\"Emi - Functional Home Training\",\"isPartOf\":{\"@id\":\"https:\\\/\\\/functionalhometraining.com\\\/fr\\\/#website\"},\"primaryImageOfPage\":{\"@id\":\"https:\\\/\\\/functionalhometraining.com\\\/fr\\\/emi\\\/#primaryimage\"},\"image\":{\"@id\":\"https:\\\/\\\/functionalhometraining.com\\\/fr\\\/emi\\\/#primaryimage\"},\"thumbnailUrl\":\"https:\\\/\\\/functionalhometraining.com\\\/wp-content\\\/uploads\\\/2024\\\/12\\\/emi-e1696750582997.webp\",\"datePublished\":\"2023-06-10T08:46:34+00:00\",\"dateModified\":\"2024-12-23T09:16:43+00:00\",\"breadcrumb\":{\"@id\":\"https:\\\/\\\/functionalhometraining.com\\\/fr\\\/emi\\\/#breadcrumb\"},\"inLanguage\":\"fr-FR\",\"potentialAction\":[{\"@type\":\"ReadAction\",\"target\":[\"https:\\\/\\\/functionalhometraining.com\\\/fr\\\/emi\\\/\"]}]},{\"@type\":\"ImageObject\",\"inLanguage\":\"fr-FR\",\"@id\":\"https:\\\/\\\/functionalhometraining.com\\\/fr\\\/emi\\\/#primaryimage\",\"url\":\"https:\\\/\\\/functionalhometraining.com\\\/wp-content\\\/uploads\\\/2024\\\/12\\\/emi-e1696750582997.webp\",\"contentUrl\":\"https:\\\/\\\/functionalhometraining.com\\\/wp-content\\\/uploads\\\/2024\\\/12\\\/emi-e1696750582997.webp\"},{\"@type\":\"BreadcrumbList\",\"@id\":\"https:\\\/\\\/functionalhometraining.com\\\/fr\\\/emi\\\/#breadcrumb\",\"itemListElement\":[{\"@type\":\"ListItem\",\"position\":1,\"name\":\"Home\",\"item\":\"https:\\\/\\\/functionalhometraining.com\\\/fr\\\/\"},{\"@type\":\"ListItem\",\"position\":2,\"name\":\"Emi\"}]},{\"@type\":\"WebSite\",\"@id\":\"https:\\\/\\\/functionalhometraining.com\\\/fr\\\/#website\",\"url\":\"https:\\\/\\\/functionalhometraining.com\\\/fr\\\/\",\"name\":\"Functional Home Training\",\"description\":\"A Lifestyle full of Energy\",\"publisher\":{\"@id\":\"https:\\\/\\\/functionalhometraining.com\\\/fr\\\/#organization\"},\"potentialAction\":[{\"@type\":\"SearchAction\",\"target\":{\"@type\":\"EntryPoint\",\"urlTemplate\":\"https:\\\/\\\/functionalhometraining.com\\\/fr\\\/?s={search_term_string}\"},\"query-input\":{\"@type\":\"PropertyValueSpecification\",\"valueRequired\":true,\"valueName\":\"search_term_string\"}}],\"inLanguage\":\"fr-FR\"},{\"@type\":\"Organization\",\"@id\":\"https:\\\/\\\/functionalhometraining.com\\\/fr\\\/#organization\",\"name\":\"Functional Home Training\",\"url\":\"https:\\\/\\\/functionalhometraining.com\\\/fr\\\/\",\"logo\":{\"@type\":\"ImageObject\",\"inLanguage\":\"fr-FR\",\"@id\":\"https:\\\/\\\/functionalhometraining.com\\\/fr\\\/#\\\/schema\\\/logo\\\/image\\\/\",\"url\":\"https:\\\/\\\/functionalhometraining.com\\\/wp-content\\\/uploads\\\/2020\\\/10\\\/Functional-Home-Training-website-logo-zonder-achtergrond.png\",\"contentUrl\":\"https:\\\/\\\/functionalhometraining.com\\\/wp-content\\\/uploads\\\/2020\\\/10\\\/Functional-Home-Training-website-logo-zonder-achtergrond.png\",\"width\":350,\"height\":100,\"caption\":\"Functional Home Training\"},\"image\":{\"@id\":\"https:\\\/\\\/functionalhometraining.com\\\/fr\\\/#\\\/schema\\\/logo\\\/image\\\/\"}}]}<\/script>\n<!-- \/ Yoast SEO plugin. -->","yoast_head_json":{"title":"Emi - Functional Home Training","robots":{"index":"index","follow":"follow","max-snippet":"max-snippet:-1","max-image-preview":"max-image-preview:large","max-video-preview":"max-video-preview:-1"},"canonical":"https:\/\/functionalhometraining.com\/fr\/emi\/","og_locale":"fr_FR","og_type":"article","og_title":"Emi - Functional Home Training","og_description":"Emi Je pratique le sport depuis mon plus jeune \u00e2ge. Le sport est ma vie. Dans ma jeunesse, j&rsquo;ai jou\u00e9 au hockey sur glace pendant&hellip;","og_url":"https:\/\/functionalhometraining.com\/fr\/emi\/","og_site_name":"Functional Home Training","article_modified_time":"2024-12-23T09:16:43+00:00","og_image":[{"width":262,"height":262,"url":"https:\/\/functionalhometraining.com\/wp-content\/uploads\/2024\/12\/emi-e1696750582997.webp","type":"image\/webp"}],"twitter_card":"summary_large_image","twitter_misc":{"Dur\u00e9e de lecture estim\u00e9e":"2 minutes"},"schema":{"@context":"https:\/\/schema.org","@graph":[{"@type":"WebPage","@id":"https:\/\/functionalhometraining.com\/fr\/emi\/","url":"https:\/\/functionalhometraining.com\/fr\/emi\/","name":"Emi - Functional Home Training","isPartOf":{"@id":"https:\/\/functionalhometraining.com\/fr\/#website"},"primaryImageOfPage":{"@id":"https:\/\/functionalhometraining.com\/fr\/emi\/#primaryimage"},"image":{"@id":"https:\/\/functionalhometraining.com\/fr\/emi\/#primaryimage"},"thumbnailUrl":"https:\/\/functionalhometraining.com\/wp-content\/uploads\/2024\/12\/emi-e1696750582997.webp","datePublished":"2023-06-10T08:46:34+00:00","dateModified":"2024-12-23T09:16:43+00:00","breadcrumb":{"@id":"https:\/\/functionalhometraining.com\/fr\/emi\/#breadcrumb"},"inLanguage":"fr-FR","potentialAction":[{"@type":"ReadAction","target":["https:\/\/functionalhometraining.com\/fr\/emi\/"]}]},{"@type":"ImageObject","inLanguage":"fr-FR","@id":"https:\/\/functionalhometraining.com\/fr\/emi\/#primaryimage","url":"https:\/\/functionalhometraining.com\/wp-content\/uploads\/2024\/12\/emi-e1696750582997.webp","contentUrl":"https:\/\/functionalhometraining.com\/wp-content\/uploads\/2024\/12\/emi-e1696750582997.webp"},{"@type":"BreadcrumbList","@id":"https:\/\/functionalhometraining.com\/fr\/emi\/#breadcrumb","itemListElement":[{"@type":"ListItem","position":1,"name":"Home","item":"https:\/\/functionalhometraining.com\/fr\/"},{"@type":"ListItem","position":2,"name":"Emi"}]},{"@type":"WebSite","@id":"https:\/\/functionalhometraining.com\/fr\/#website","url":"https:\/\/functionalhometraining.com\/fr\/","name":"Functional Home Training","description":"A Lifestyle full of Energy","publisher":{"@id":"https:\/\/functionalhometraining.com\/fr\/#organization"},"potentialAction":[{"@type":"SearchAction","target":{"@type":"EntryPoint","urlTemplate":"https:\/\/functionalhometraining.com\/fr\/?s={search_term_string}"},"query-input":{"@type":"PropertyValueSpecification","valueRequired":true,"valueName":"search_term_string"}}],"inLanguage":"fr-FR"},{"@type":"Organization","@id":"https:\/\/functionalhometraining.com\/fr\/#organization","name":"Functional Home Training","url":"https:\/\/functionalhometraining.com\/fr\/","logo":{"@type":"ImageObject","inLanguage":"fr-FR","@id":"https:\/\/functionalhometraining.com\/fr\/#\/schema\/logo\/image\/","url":"https:\/\/functionalhometraining.com\/wp-content\/uploads\/2020\/10\/Functional-Home-Training-website-logo-zonder-achtergrond.png","contentUrl":"https:\/\/functionalhometraining.com\/wp-content\/uploads\/2020\/10\/Functional-Home-Training-website-logo-zonder-achtergrond.png","width":350,"height":100,"caption":"Functional Home Training"},"image":{"@id":"https:\/\/functionalhometraining.com\/fr\/#\/schema\/logo\/image\/"}}]}},"_links":{"self":[{"href":"https:\/\/functionalhometraining.com\/fr\/wp-json\/wp\/v2\/pages\/47953","targetHints":{"allow":["GET"]}}],"collection":[{"href":"https:\/\/functionalhometraining.com\/fr\/wp-json\/wp\/v2\/pages"}],"about":[{"href":"https:\/\/functionalhometraining.com\/fr\/wp-json\/wp\/v2\/types\/page"}],"author":[{"embeddable":true,"href":"https:\/\/functionalhometraining.com\/fr\/wp-json\/wp\/v2\/users\/2"}],"replies":[{"embeddable":true,"href":"https:\/\/functionalhometraining.com\/fr\/wp-json\/wp\/v2\/comments?post=47953"}],"version-history":[{"count":0,"href":"https:\/\/functionalhometraining.com\/fr\/wp-json\/wp\/v2\/pages\/47953\/revisions"}],"wp:attachment":[{"href":"https:\/\/functionalhometraining.com\/fr\/wp-json\/wp\/v2\/media?parent=47953"}],"wp:term":[{"taxonomy":"category","embeddable":true,"href":"https:\/\/functionalhometraining.com\/fr\/wp-json\/wp\/v2\/categories?post=47953"},{"taxonomy":"post_tag","embeddable":true,"href":"https:\/\/functionalhometraining.com\/fr\/wp-json\/wp\/v2\/tags?post=47953"}],"curies":[{"name":"wp","href":"https:\/\/api.w.org\/{rel}","templated":true}]}}