{"id":55866,"date":"2023-10-07T11:07:33","date_gmt":"2023-10-07T10:07:33","guid":{"rendered":"https:\/\/functionalhometraining.com\/?page_id=55866"},"modified":"2024-12-23T10:20:47","modified_gmt":"2024-12-23T09:20:47","slug":"ine","status":"publish","type":"page","link":"https:\/\/functionalhometraining.com\/fr\/ine\/","title":{"rendered":"Ine"},"content":{"rendered":"\t\t<div data-elementor-type=\"wp-page\" data-elementor-id=\"55866\" class=\"elementor elementor-55866 elementor-55764\" data-elementor-post-type=\"page\">\n\t\t\t\t\t\t<section data-particle_enable=\"false\" data-particle-mobile-disabled=\"false\" class=\"elementor-section elementor-top-section elementor-element elementor-element-8324447 elementor-section-stretched elementor-section-boxed elementor-section-height-default elementor-section-height-default\" data-id=\"8324447\" data-element_type=\"section\" data-e-type=\"section\" data-settings=\"{&quot;stretch_section&quot;:&quot;section-stretched&quot;,&quot;background_background&quot;:&quot;classic&quot;}\">\n\t\t\t\t\t\t<div class=\"elementor-container elementor-column-gap-default\">\n\t\t\t\t\t<div class=\"elementor-column elementor-col-100 elementor-top-column elementor-element elementor-element-53cc352\" data-id=\"53cc352\" data-element_type=\"column\" data-e-type=\"column\" data-settings=\"{&quot;background_background&quot;:&quot;classic&quot;}\">\n\t\t\t<div class=\"elementor-widget-wrap elementor-element-populated\">\n\t\t\t\t\t\t<section data-particle_enable=\"false\" data-particle-mobile-disabled=\"false\" class=\"elementor-section elementor-inner-section elementor-element elementor-element-6046f16 elementor-section-boxed elementor-section-height-default elementor-section-height-default\" data-id=\"6046f16\" data-element_type=\"section\" data-e-type=\"section\" data-settings=\"{&quot;background_background&quot;:&quot;classic&quot;}\">\n\t\t\t\t\t\t<div class=\"elementor-container elementor-column-gap-default\">\n\t\t\t\t\t<div class=\"elementor-column elementor-col-50 elementor-inner-column elementor-element elementor-element-96c2c54\" data-id=\"96c2c54\" data-element_type=\"column\" data-e-type=\"column\" data-settings=\"{&quot;background_background&quot;:&quot;classic&quot;}\">\n\t\t\t<div class=\"elementor-widget-wrap elementor-element-populated\">\n\t\t\t\t\t\t<div class=\"elementor-element elementor-element-cd3fb47 elementor-widget elementor-widget-heading\" data-id=\"cd3fb47\" data-element_type=\"widget\" data-e-type=\"widget\" data-widget_type=\"heading.default\">\n\t\t\t\t<div class=\"elementor-widget-container\">\n\t\t\t\t\t<h3 class=\"elementor-heading-title elementor-size-default\">Ine<\/h3>\t\t\t\t<\/div>\n\t\t\t\t<\/div>\n\t\t\t\t<div class=\"elementor-element elementor-element-93a7b59 elementor-widget elementor-widget-image\" data-id=\"93a7b59\" data-element_type=\"widget\" data-e-type=\"widget\" data-widget_type=\"image.default\">\n\t\t\t\t<div class=\"elementor-widget-container\">\n\t\t\t\t\t\t\t\t\t\t\t\t\t\t\t<img fetchpriority=\"high\" decoding=\"async\" width=\"349\" height=\"348\" src=\"https:\/\/functionalhometraining.com\/wp-content\/uploads\/2024\/12\/Ine.webp\" class=\"attachment-full size-full wp-image-237099\" alt=\"\" srcset=\"https:\/\/functionalhometraining.com\/wp-content\/uploads\/2024\/12\/Ine.webp 349w, https:\/\/functionalhometraining.com\/wp-content\/uploads\/2024\/12\/Ine-50x50.webp 50w, https:\/\/functionalhometraining.com\/wp-content\/uploads\/2024\/12\/Ine-100x100.webp 100w\" sizes=\"(max-width: 349px) 100vw, 349px\" \/>\t\t\t\t\t\t\t\t\t\t\t\t\t\t\t<\/div>\n\t\t\t\t<\/div>\n\t\t\t\t\t<\/div>\n\t\t<\/div>\n\t\t\t\t<div class=\"elementor-column elementor-col-50 elementor-inner-column elementor-element elementor-element-8a53a9a\" data-id=\"8a53a9a\" data-element_type=\"column\" data-e-type=\"column\" data-settings=\"{&quot;background_background&quot;:&quot;classic&quot;}\">\n\t\t\t<div class=\"elementor-widget-wrap elementor-element-populated\">\n\t\t\t\t\t\t<div class=\"elementor-element elementor-element-e776b3f elementor-widget elementor-widget-text-editor\" data-id=\"e776b3f\" data-element_type=\"widget\" data-e-type=\"widget\" data-widget_type=\"text-editor.default\">\n\t\t\t\t<div class=\"elementor-widget-container\">\n\t\t\t\t\t<div class=\"bb-theme-elementor-wrap bb-elementor-custom-color bb-elementor-custom-size bb-elementor-custom-line-height\">\t\t\t\t<p>Apr\u00e8s avoir d\u00fb arr\u00eater mon hobby de cavalier passionn\u00e9 d\u00e9but 2019 en raison d&rsquo;allergies, j&rsquo;ai cherch\u00e9 un nouveau d\u00e9fi. Et ainsi, gr\u00e2ce \u00e0 ma s\u0153ur, je me suis retrouv\u00e9 chez Crossfit On The Road.<\/p><p>Je suis imm\u00e9diatement tomb\u00e9 amoureux de ce sport et m&rsquo;entra\u00eener selon la m\u00e9thodologie CrossFit\u00ae est donc devenu ma nouvelle passion. Un sport qui rassemble tout ce que j&rsquo;appr\u00e9cie : la force, l&rsquo;endurance, la gymnastique, la polyvalence, l&rsquo;esprit d&rsquo;\u00e9quipe et bien plus encore.<\/p><p>Gr\u00e2ce \u00e0 CrossFit On The Road, je suis entr\u00e9 en contact avec Functional Home Training. J&rsquo;aime vraiment aider les personnes qui ne peuvent pas acc\u00e9der \u00e0 une salle de fitness, mais qui souhaitent quand m\u00eame faire quelque chose pour leur sant\u00e9 physique et mentale. Ma devise : Ne jamais abandonner ! Si je cherche quelque chose, tu ne peux pas m&rsquo;arr\u00eater.<\/p>\t\t\t\t<\/div>\t\t\t\t<\/div>\n\t\t\t\t<\/div>\n\t\t\t\t\t<\/div>\n\t\t<\/div>\n\t\t\t\t\t<\/div>\n\t\t<\/section>\n\t\t\t\t<div class=\"elementor-element elementor-element-cb22a14 elementor-widget elementor-widget-text-editor\" data-id=\"cb22a14\" data-element_type=\"widget\" data-e-type=\"widget\" data-widget_type=\"text-editor.default\">\n\t\t\t\t<div class=\"elementor-widget-container\">\n\t\t\t\t\t<div class=\"bb-theme-elementor-wrap bb-elementor-custom-color bb-elementor-custom-size bb-elementor-custom-line-height\">\t\t\t\t<h2>Exp\u00e9rience<\/h2><ul><li>Entra\u00eenement selon la M\u00e9thodologie CrossFit\u00ae depuis 2019.<\/li><\/ul>\t\t\t\t<\/div>\t\t\t\t<\/div>\n\t\t\t\t<\/div>\n\t\t\t\t\t<\/div>\n\t\t<\/div>\n\t\t\t\t\t<\/div>\n\t\t<\/section>\n\t\t\t\t<\/div>\n\t\t","protected":false},"excerpt":{"rendered":"<p>Ine Apr\u00e8s avoir d\u00fb arr\u00eater mon hobby de cavalier passionn\u00e9 d\u00e9but 2019 en raison d&rsquo;allergies, j&rsquo;ai cherch\u00e9 un nouveau d\u00e9fi. Et ainsi, gr\u00e2ce \u00e0 ma&hellip;<\/p>\n","protected":false},"author":2,"featured_media":0,"parent":0,"menu_order":0,"comment_status":"closed","ping_status":"closed","template":"elementor_header_footer","meta":{"_eb_attr":"","wprm-recipe-roundup-name":"","wprm-recipe-roundup-description":"","_monsterinsights_skip_tracking":false,"_monsterinsights_sitenote_active":false,"_monsterinsights_sitenote_note":"","_monsterinsights_sitenote_category":0,"cybocfi_hide_featured_image":"","footnotes":""},"categories":[],"tags":[],"class_list":["post-55866","page","type-page","status-publish","hentry"],"yoast_head":"<!-- This site is optimized with the Yoast SEO plugin v27.4 - https:\/\/yoast.com\/product\/yoast-seo-wordpress\/ -->\n<title>Ine - Functional Home Training<\/title>\n<meta name=\"description\" content=\"J&#039;aime m&#039;entra\u00eener avec des gens qui ne peuvent pas aller au fitness, mais qui veulent faire quelque chose pour leur sant\u00e9 physique.\" \/>\n<meta name=\"robots\" content=\"index, follow, max-snippet:-1, max-image-preview:large, max-video-preview:-1\" \/>\n<link rel=\"canonical\" href=\"https:\/\/functionalhometraining.com\/fr\/ine\/\" \/>\n<meta property=\"og:locale\" content=\"fr_FR\" \/>\n<meta property=\"og:type\" content=\"article\" \/>\n<meta property=\"og:title\" content=\"Ine - Functional Home Training\" \/>\n<meta property=\"og:description\" content=\"J&#039;aime m&#039;entra\u00eener avec des gens qui ne peuvent pas aller au fitness, mais qui veulent faire quelque chose pour leur sant\u00e9 physique.\" \/>\n<meta property=\"og:url\" content=\"https:\/\/functionalhometraining.com\/fr\/ine\/\" \/>\n<meta property=\"og:site_name\" content=\"Functional Home Training\" \/>\n<meta property=\"article:modified_time\" content=\"2024-12-23T09:20:47+00:00\" \/>\n<meta property=\"og:image\" content=\"https:\/\/functionalhometraining.com\/wp-content\/uploads\/2024\/12\/Ine.webp\" \/>\n\t<meta property=\"og:image:width\" content=\"349\" \/>\n\t<meta property=\"og:image:height\" content=\"348\" \/>\n\t<meta property=\"og:image:type\" content=\"image\/webp\" \/>\n<meta name=\"twitter:card\" content=\"summary_large_image\" \/>\n<meta name=\"twitter:label1\" content=\"Dur\u00e9e de lecture estim\u00e9e\" \/>\n\t<meta name=\"twitter:data1\" content=\"1 minute\" \/>\n<script type=\"application\/ld+json\" class=\"yoast-schema-graph\">{\"@context\":\"https:\\\/\\\/schema.org\",\"@graph\":[{\"@type\":\"WebPage\",\"@id\":\"https:\\\/\\\/functionalhometraining.com\\\/fr\\\/ine\\\/\",\"url\":\"https:\\\/\\\/functionalhometraining.com\\\/fr\\\/ine\\\/\",\"name\":\"Ine - Functional Home Training\",\"isPartOf\":{\"@id\":\"https:\\\/\\\/functionalhometraining.com\\\/fr\\\/#website\"},\"primaryImageOfPage\":{\"@id\":\"https:\\\/\\\/functionalhometraining.com\\\/fr\\\/ine\\\/#primaryimage\"},\"image\":{\"@id\":\"https:\\\/\\\/functionalhometraining.com\\\/fr\\\/ine\\\/#primaryimage\"},\"thumbnailUrl\":\"https:\\\/\\\/functionalhometraining.com\\\/wp-content\\\/uploads\\\/2024\\\/12\\\/Ine.webp\",\"datePublished\":\"2023-10-07T10:07:33+00:00\",\"dateModified\":\"2024-12-23T09:20:47+00:00\",\"description\":\"J'aime m'entra\u00eener avec des gens qui ne peuvent pas aller au fitness, mais qui veulent faire quelque chose pour leur sant\u00e9 physique.\",\"breadcrumb\":{\"@id\":\"https:\\\/\\\/functionalhometraining.com\\\/fr\\\/ine\\\/#breadcrumb\"},\"inLanguage\":\"fr-FR\",\"potentialAction\":[{\"@type\":\"ReadAction\",\"target\":[\"https:\\\/\\\/functionalhometraining.com\\\/fr\\\/ine\\\/\"]}]},{\"@type\":\"ImageObject\",\"inLanguage\":\"fr-FR\",\"@id\":\"https:\\\/\\\/functionalhometraining.com\\\/fr\\\/ine\\\/#primaryimage\",\"url\":\"https:\\\/\\\/functionalhometraining.com\\\/wp-content\\\/uploads\\\/2024\\\/12\\\/Ine.webp\",\"contentUrl\":\"https:\\\/\\\/functionalhometraining.com\\\/wp-content\\\/uploads\\\/2024\\\/12\\\/Ine.webp\"},{\"@type\":\"BreadcrumbList\",\"@id\":\"https:\\\/\\\/functionalhometraining.com\\\/fr\\\/ine\\\/#breadcrumb\",\"itemListElement\":[{\"@type\":\"ListItem\",\"position\":1,\"name\":\"Home\",\"item\":\"https:\\\/\\\/functionalhometraining.com\\\/fr\\\/\"},{\"@type\":\"ListItem\",\"position\":2,\"name\":\"Ine\"}]},{\"@type\":\"WebSite\",\"@id\":\"https:\\\/\\\/functionalhometraining.com\\\/fr\\\/#website\",\"url\":\"https:\\\/\\\/functionalhometraining.com\\\/fr\\\/\",\"name\":\"Functional Home Training\",\"description\":\"A Lifestyle full of Energy\",\"publisher\":{\"@id\":\"https:\\\/\\\/functionalhometraining.com\\\/fr\\\/#organization\"},\"potentialAction\":[{\"@type\":\"SearchAction\",\"target\":{\"@type\":\"EntryPoint\",\"urlTemplate\":\"https:\\\/\\\/functionalhometraining.com\\\/fr\\\/?s={search_term_string}\"},\"query-input\":{\"@type\":\"PropertyValueSpecification\",\"valueRequired\":true,\"valueName\":\"search_term_string\"}}],\"inLanguage\":\"fr-FR\"},{\"@type\":\"Organization\",\"@id\":\"https:\\\/\\\/functionalhometraining.com\\\/fr\\\/#organization\",\"name\":\"Functional Home Training\",\"url\":\"https:\\\/\\\/functionalhometraining.com\\\/fr\\\/\",\"logo\":{\"@type\":\"ImageObject\",\"inLanguage\":\"fr-FR\",\"@id\":\"https:\\\/\\\/functionalhometraining.com\\\/fr\\\/#\\\/schema\\\/logo\\\/image\\\/\",\"url\":\"https:\\\/\\\/functionalhometraining.com\\\/wp-content\\\/uploads\\\/2020\\\/10\\\/Functional-Home-Training-website-logo-zonder-achtergrond.png\",\"contentUrl\":\"https:\\\/\\\/functionalhometraining.com\\\/wp-content\\\/uploads\\\/2020\\\/10\\\/Functional-Home-Training-website-logo-zonder-achtergrond.png\",\"width\":350,\"height\":100,\"caption\":\"Functional Home Training\"},\"image\":{\"@id\":\"https:\\\/\\\/functionalhometraining.com\\\/fr\\\/#\\\/schema\\\/logo\\\/image\\\/\"}}]}<\/script>\n<!-- \/ Yoast SEO plugin. -->","yoast_head_json":{"title":"Ine - Functional Home Training","description":"J'aime m'entra\u00eener avec des gens qui ne peuvent pas aller au fitness, mais qui veulent faire quelque chose pour leur sant\u00e9 physique.","robots":{"index":"index","follow":"follow","max-snippet":"max-snippet:-1","max-image-preview":"max-image-preview:large","max-video-preview":"max-video-preview:-1"},"canonical":"https:\/\/functionalhometraining.com\/fr\/ine\/","og_locale":"fr_FR","og_type":"article","og_title":"Ine - Functional Home Training","og_description":"J'aime m'entra\u00eener avec des gens qui ne peuvent pas aller au fitness, mais qui veulent faire quelque chose pour leur sant\u00e9 physique.","og_url":"https:\/\/functionalhometraining.com\/fr\/ine\/","og_site_name":"Functional Home Training","article_modified_time":"2024-12-23T09:20:47+00:00","og_image":[{"width":349,"height":348,"url":"https:\/\/functionalhometraining.com\/wp-content\/uploads\/2024\/12\/Ine.webp","type":"image\/webp"}],"twitter_card":"summary_large_image","twitter_misc":{"Dur\u00e9e de lecture estim\u00e9e":"1 minute"},"schema":{"@context":"https:\/\/schema.org","@graph":[{"@type":"WebPage","@id":"https:\/\/functionalhometraining.com\/fr\/ine\/","url":"https:\/\/functionalhometraining.com\/fr\/ine\/","name":"Ine - Functional Home Training","isPartOf":{"@id":"https:\/\/functionalhometraining.com\/fr\/#website"},"primaryImageOfPage":{"@id":"https:\/\/functionalhometraining.com\/fr\/ine\/#primaryimage"},"image":{"@id":"https:\/\/functionalhometraining.com\/fr\/ine\/#primaryimage"},"thumbnailUrl":"https:\/\/functionalhometraining.com\/wp-content\/uploads\/2024\/12\/Ine.webp","datePublished":"2023-10-07T10:07:33+00:00","dateModified":"2024-12-23T09:20:47+00:00","description":"J'aime m'entra\u00eener avec des gens qui ne peuvent pas aller au fitness, mais qui veulent faire quelque chose pour leur sant\u00e9 physique.","breadcrumb":{"@id":"https:\/\/functionalhometraining.com\/fr\/ine\/#breadcrumb"},"inLanguage":"fr-FR","potentialAction":[{"@type":"ReadAction","target":["https:\/\/functionalhometraining.com\/fr\/ine\/"]}]},{"@type":"ImageObject","inLanguage":"fr-FR","@id":"https:\/\/functionalhometraining.com\/fr\/ine\/#primaryimage","url":"https:\/\/functionalhometraining.com\/wp-content\/uploads\/2024\/12\/Ine.webp","contentUrl":"https:\/\/functionalhometraining.com\/wp-content\/uploads\/2024\/12\/Ine.webp"},{"@type":"BreadcrumbList","@id":"https:\/\/functionalhometraining.com\/fr\/ine\/#breadcrumb","itemListElement":[{"@type":"ListItem","position":1,"name":"Home","item":"https:\/\/functionalhometraining.com\/fr\/"},{"@type":"ListItem","position":2,"name":"Ine"}]},{"@type":"WebSite","@id":"https:\/\/functionalhometraining.com\/fr\/#website","url":"https:\/\/functionalhometraining.com\/fr\/","name":"Functional Home Training","description":"A Lifestyle full of Energy","publisher":{"@id":"https:\/\/functionalhometraining.com\/fr\/#organization"},"potentialAction":[{"@type":"SearchAction","target":{"@type":"EntryPoint","urlTemplate":"https:\/\/functionalhometraining.com\/fr\/?s={search_term_string}"},"query-input":{"@type":"PropertyValueSpecification","valueRequired":true,"valueName":"search_term_string"}}],"inLanguage":"fr-FR"},{"@type":"Organization","@id":"https:\/\/functionalhometraining.com\/fr\/#organization","name":"Functional Home Training","url":"https:\/\/functionalhometraining.com\/fr\/","logo":{"@type":"ImageObject","inLanguage":"fr-FR","@id":"https:\/\/functionalhometraining.com\/fr\/#\/schema\/logo\/image\/","url":"https:\/\/functionalhometraining.com\/wp-content\/uploads\/2020\/10\/Functional-Home-Training-website-logo-zonder-achtergrond.png","contentUrl":"https:\/\/functionalhometraining.com\/wp-content\/uploads\/2020\/10\/Functional-Home-Training-website-logo-zonder-achtergrond.png","width":350,"height":100,"caption":"Functional Home Training"},"image":{"@id":"https:\/\/functionalhometraining.com\/fr\/#\/schema\/logo\/image\/"}}]}},"_links":{"self":[{"href":"https:\/\/functionalhometraining.com\/fr\/wp-json\/wp\/v2\/pages\/55866","targetHints":{"allow":["GET"]}}],"collection":[{"href":"https:\/\/functionalhometraining.com\/fr\/wp-json\/wp\/v2\/pages"}],"about":[{"href":"https:\/\/functionalhometraining.com\/fr\/wp-json\/wp\/v2\/types\/page"}],"author":[{"embeddable":true,"href":"https:\/\/functionalhometraining.com\/fr\/wp-json\/wp\/v2\/users\/2"}],"replies":[{"embeddable":true,"href":"https:\/\/functionalhometraining.com\/fr\/wp-json\/wp\/v2\/comments?post=55866"}],"version-history":[{"count":0,"href":"https:\/\/functionalhometraining.com\/fr\/wp-json\/wp\/v2\/pages\/55866\/revisions"}],"wp:attachment":[{"href":"https:\/\/functionalhometraining.com\/fr\/wp-json\/wp\/v2\/media?parent=55866"}],"wp:term":[{"taxonomy":"category","embeddable":true,"href":"https:\/\/functionalhometraining.com\/fr\/wp-json\/wp\/v2\/categories?post=55866"},{"taxonomy":"post_tag","embeddable":true,"href":"https:\/\/functionalhometraining.com\/fr\/wp-json\/wp\/v2\/tags?post=55866"}],"curies":[{"name":"wp","href":"https:\/\/api.w.org\/{rel}","templated":true}]}}